{"id":2299,"date":"2017-03-29T12:38:54","date_gmt":"2017-03-29T12:38:54","guid":{"rendered":"http:\/\/www.sidepalsa.com\/?page_id=2299\/"},"modified":"2017-05-22T10:49:34","modified_gmt":"2017-05-22T10:49:34","slug":"tavole-rototraslanti","status":"publish","type":"page","link":"https:\/\/sidepalsa.com\/it\/tavole-rototraslanti\/","title":{"rendered":"Tavole rototraslanti"},"content":{"rendered":"<div class=\"wpb-content-wrapper\"><p>[vc_row overlay_dotted=&#8221;&#8221;][vc_column][vc_empty_space height=&#8221;50px&#8221;][\/vc_column][\/vc_row][vc_row][vc_column width=&#8221;1\/4&#8243;][vc_column_text]<\/p>\n<h1 class=\"rayi\">Tavole rototraslanti<\/h1>\n<p>[\/vc_column_text][\/vc_column][vc_column width=&#8221;3\/4&#8243;][vc_column_text]<\/p>\n<h3>Gamma innovatrice di tavole rototraslanti modulari, ecoefficienti e con grandi capacita&#8217; di carico per macchine utensili di alto valore aggiunto.<\/h3>\n<p>[\/vc_column_text][vc_empty_space height=&#8221;15px&#8221;][vc_row_inner][vc_column_inner width=&#8221;1\/2&#8243;][vc_single_image image=&#8221;1893&#8243; img_size=&#8221;full&#8221; css=&#8221;.vc_custom_1486992607453{margin-top: 0px !important;margin-right: 0px !important;margin-bottom: 5px !important;margin-left: 0px !important;padding-top: 0px !important;padding-right: 0px !important;padding-bottom: 0px !important;padding-left: 0px !important;}&#8221;][vc_masonry_media_grid element_width=&#8221;6&#8243; grid_id=&#8221;vc_gid:1495450104208-21d99d80-bb84-4&#8243; include=&#8221;1892,1894,1891&#8243;][\/vc_column_inner][vc_column_inner width=&#8221;1\/2&#8243;][vc_separator][vc_column_text]Le tavole rototraslanti Sidepalsa sono state progettate con la tecnologia pi\u00f9 avanzata e con gli accessori della pi\u00f9 alta qualit\u00e0, dotandole della totale sicurezza nel loro funzionamento.<\/p>\n<p>La gamma comprende tavole rototraslanti da 1800&#215;1800 mm fino a 2000 x 2500 mm., con corse lineari da 1000 mm fino a 4000 mm.<br \/>\nIl carico massimo ammissibile sulla tavola \u00e8 di 35 Ton.<\/p>\n<p>Si tratta di uno sviluppo specifico di Sidepalsa e contiene le seguenti innovazioni tecnologiche.<\/p>\n<ul>\n<li>Concetto modulare delle tavole e delle trasmissioni, con attuatori intercambiabili tra le diverse opzioni.<\/li>\n<li>Tavole modulari, alleggerite per tecnica di ottimizzazione topologica e per l&#8217;impiego di materiali con elevato modulo specifico.<\/li>\n<li>Movimenti con bassa inerzia e minimo consumo energetico, basati su azionamenti con precarico meccanico.<\/li>\n<li>Sistemi di bloccaggio meccanico con elevata capacit\u00e0 di carico, controllati tramite CNC ( disabilitazione automatica degli azionamenti ).<\/li>\n<li>Ottenimento dei pezzi strutturali vicini alla topologia finale, impiegando Tecnologie &#8220;NeartoShape&#8221;.<\/li>\n<\/ul>\n<p>[\/vc_column_text][vc_icon icon_fontawesome=&#8221;fa fa-file-pdf-o&#8221; color=&#8221;custom&#8221; background_style=&#8221;rounded&#8221; custom_color=&#8221;#424242&#8243; link=&#8221;url:http%3A%2F%2Fwww.sidepalsa.com%2Fwp-content%2Fuploads%2F2017%2F02%2Fmesas-rotativas.pdf|title:Ficha%20t%C3%A9cnica|target:%20_blank|&#8221;][\/vc_column_inner][\/vc_row_inner][\/vc_column][\/vc_row]<\/p>\n<\/div>","protected":false},"excerpt":{"rendered":"[vc_row overlay_dotted=&#8221;&#8221;][vc_column][vc_empty_space height=&#8221;50px&#8221;][\/vc_column][\/vc_row][vc_row][vc_column width=&#8221;1\/4&#8243;][vc_column_text] Tavole rototraslanti [\/vc_column_text][\/vc_column][vc_column width=&#8221;3\/4&#8243;][vc_column_text] Gamma innovatrice di tavole rototraslanti modulari, ecoefficienti e con grandi capacita&#8217; di carico per macchine utensili di alto valore aggiunto. [\/vc_column_text][vc_empty_space height=&#8221;15px&#8221;][vc_row_inner][vc_column_inner width=&#8221;1\/2&#8243;][vc_single_image image=&#8221;1893&#8243; img_size=&#8221;full&#8221; css=&#8221;.vc_custom_1486992607453{margin-top: 0px !important;margin-right: 0px !important;margin-bottom: 5px !important;margin-left: 0px !important;padding-top: 0px !important;padding-right: 0px !important;padding-bottom: 0px !important;padding-left: 0px !important;}&#8221;][vc_masonry_media_grid element_width=&#8221;6&#8243; grid_id=&#8221;vc_gid:1495450104208-21d99d80-bb84-4&#8243; include=&#8221;1892,1894,1891&#8243;][\/vc_column_inner][vc_column_inner width=&#8221;1\/2&#8243;][vc_separator][vc_column_text]Le tavole[&#8230;]","protected":false},"author":8,"featured_media":0,"parent":0,"menu_order":0,"comment_status":"closed","ping_status":"closed","template":"","meta":{"footnotes":""},"class_list":["post-2299","page","type-page","status-publish","hentry"],"yoast_head":"<!-- This site is optimized with the Yoast SEO plugin v27.4 - https:\/\/yoast.com\/product\/yoast-seo-wordpress\/ -->\n<title>Tavole rototraslanti - Sidepalsa<\/title>\n<meta name=\"robots\" content=\"index, follow, max-snippet:-1, max-image-preview:large, max-video-preview:-1\" \/>\n<link rel=\"canonical\" href=\"https:\/\/sidepalsa.com\/it\/tavole-rototraslanti\/\" \/>\n<meta property=\"og:locale\" content=\"it_IT\" \/>\n<meta property=\"og:type\" content=\"article\" \/>\n<meta property=\"og:title\" content=\"Tavole rototraslanti - Sidepalsa\" \/>\n<meta property=\"og:description\" content=\"[vc_row overlay_dotted=&#8221;&#8221;][vc_column][vc_empty_space height=&#8221;50px&#8221;][\/vc_column][\/vc_row][vc_row][vc_column width=&#8221;1\/4&#8243;][vc_column_text] Tavole rototraslanti [\/vc_column_text][\/vc_column][vc_column width=&#8221;3\/4&#8243;][vc_column_text] Gamma innovatrice di tavole rototraslanti modulari, ecoefficienti e con grandi capacita&#8217; di carico per macchine utensili di alto valore aggiunto. [\/vc_column_text][vc_empty_space height=&#8221;15px&#8221;][vc_row_inner][vc_column_inner width=&#8221;1\/2&#8243;][vc_single_image image=&#8221;1893&#8243; img_size=&#8221;full&#8221; css=&#8221;.vc_custom_1486992607453{margin-top: 0px !important;margin-right: 0px !important;margin-bottom: 5px !important;margin-left: 0px !important;padding-top: 0px !important;padding-right: 0px !important;padding-bottom: 0px !important;padding-left: 0px !important;}&#8221;][vc_masonry_media_grid element_width=&#8221;6&#8243; grid_id=&#8221;vc_gid:1495450104208-21d99d80-bb84-4&#8243; include=&#8221;1892,1894,1891&#8243;][\/vc_column_inner][vc_column_inner width=&#8221;1\/2&#8243;][vc_separator][vc_column_text]Le tavole[...]\" \/>\n<meta property=\"og:url\" content=\"https:\/\/sidepalsa.com\/it\/tavole-rototraslanti\/\" \/>\n<meta property=\"og:site_name\" content=\"Sidepalsa\" \/>\n<meta property=\"article:modified_time\" content=\"2017-05-22T10:49:34+00:00\" \/>\n<meta name=\"twitter:card\" content=\"summary_large_image\" \/>\n<meta name=\"twitter:label1\" content=\"Tempo di lettura stimato\" \/>\n\t<meta name=\"twitter:data1\" content=\"2 minuti\" \/>\n<script type=\"application\/ld+json\" class=\"yoast-schema-graph\">{\"@context\":\"https:\\\/\\\/schema.org\",\"@graph\":[{\"@type\":\"WebPage\",\"@id\":\"https:\\\/\\\/sidepalsa.com\\\/it\\\/tavole-rototraslanti\\\/\",\"url\":\"https:\\\/\\\/sidepalsa.com\\\/it\\\/tavole-rototraslanti\\\/\",\"name\":\"Tavole rototraslanti - Sidepalsa\",\"isPartOf\":{\"@id\":\"https:\\\/\\\/sidepalsa.com\\\/#website\"},\"datePublished\":\"2017-03-29T12:38:54+00:00\",\"dateModified\":\"2017-05-22T10:49:34+00:00\",\"breadcrumb\":{\"@id\":\"https:\\\/\\\/sidepalsa.com\\\/it\\\/tavole-rototraslanti\\\/#breadcrumb\"},\"inLanguage\":\"it-IT\",\"potentialAction\":[{\"@type\":\"ReadAction\",\"target\":[\"https:\\\/\\\/sidepalsa.com\\\/it\\\/tavole-rototraslanti\\\/\"]}]},{\"@type\":\"BreadcrumbList\",\"@id\":\"https:\\\/\\\/sidepalsa.com\\\/it\\\/tavole-rototraslanti\\\/#breadcrumb\",\"itemListElement\":[{\"@type\":\"ListItem\",\"position\":1,\"name\":\"Portada\",\"item\":\"https:\\\/\\\/sidepalsa.com\\\/it\\\/\"},{\"@type\":\"ListItem\",\"position\":2,\"name\":\"Tavole rototraslanti\"}]},{\"@type\":\"WebSite\",\"@id\":\"https:\\\/\\\/sidepalsa.com\\\/#website\",\"url\":\"https:\\\/\\\/sidepalsa.com\\\/\",\"name\":\"Sidepalsa\",\"description\":\"A. INGENIER\u00cdA DE AUTOMATISMOS\",\"publisher\":{\"@id\":\"https:\\\/\\\/sidepalsa.com\\\/#organization\"},\"potentialAction\":[{\"@type\":\"SearchAction\",\"target\":{\"@type\":\"EntryPoint\",\"urlTemplate\":\"https:\\\/\\\/sidepalsa.com\\\/?s={search_term_string}\"},\"query-input\":{\"@type\":\"PropertyValueSpecification\",\"valueRequired\":true,\"valueName\":\"search_term_string\"}}],\"inLanguage\":\"it-IT\"},{\"@type\":\"Organization\",\"@id\":\"https:\\\/\\\/sidepalsa.com\\\/#organization\",\"name\":\"Sidepalsa\",\"url\":\"https:\\\/\\\/sidepalsa.com\\\/\",\"logo\":{\"@type\":\"ImageObject\",\"inLanguage\":\"it-IT\",\"@id\":\"https:\\\/\\\/sidepalsa.com\\\/#\\\/schema\\\/logo\\\/image\\\/\",\"url\":\"https:\\\/\\\/www.sidepalsa.com\\\/wp-content\\\/uploads\\\/2017\\\/02\\\/logo_sidepalsa-1.png\",\"contentUrl\":\"https:\\\/\\\/www.sidepalsa.com\\\/wp-content\\\/uploads\\\/2017\\\/02\\\/logo_sidepalsa-1.png\",\"width\":226,\"height\":101,\"caption\":\"Sidepalsa\"},\"image\":{\"@id\":\"https:\\\/\\\/sidepalsa.com\\\/#\\\/schema\\\/logo\\\/image\\\/\"}}]}<\/script>\n<!-- \/ Yoast SEO plugin. -->","yoast_head_json":{"title":"Tavole rototraslanti - Sidepalsa","robots":{"index":"index","follow":"follow","max-snippet":"max-snippet:-1","max-image-preview":"max-image-preview:large","max-video-preview":"max-video-preview:-1"},"canonical":"https:\/\/sidepalsa.com\/it\/tavole-rototraslanti\/","og_locale":"it_IT","og_type":"article","og_title":"Tavole rototraslanti - Sidepalsa","og_description":"[vc_row overlay_dotted=&#8221;&#8221;][vc_column][vc_empty_space height=&#8221;50px&#8221;][\/vc_column][\/vc_row][vc_row][vc_column width=&#8221;1\/4&#8243;][vc_column_text] Tavole rototraslanti [\/vc_column_text][\/vc_column][vc_column width=&#8221;3\/4&#8243;][vc_column_text] Gamma innovatrice di tavole rototraslanti modulari, ecoefficienti e con grandi capacita&#8217; di carico per macchine utensili di alto valore aggiunto. [\/vc_column_text][vc_empty_space height=&#8221;15px&#8221;][vc_row_inner][vc_column_inner width=&#8221;1\/2&#8243;][vc_single_image image=&#8221;1893&#8243; img_size=&#8221;full&#8221; css=&#8221;.vc_custom_1486992607453{margin-top: 0px !important;margin-right: 0px !important;margin-bottom: 5px !important;margin-left: 0px !important;padding-top: 0px !important;padding-right: 0px !important;padding-bottom: 0px !important;padding-left: 0px !important;}&#8221;][vc_masonry_media_grid element_width=&#8221;6&#8243; grid_id=&#8221;vc_gid:1495450104208-21d99d80-bb84-4&#8243; include=&#8221;1892,1894,1891&#8243;][\/vc_column_inner][vc_column_inner width=&#8221;1\/2&#8243;][vc_separator][vc_column_text]Le tavole[...]","og_url":"https:\/\/sidepalsa.com\/it\/tavole-rototraslanti\/","og_site_name":"Sidepalsa","article_modified_time":"2017-05-22T10:49:34+00:00","twitter_card":"summary_large_image","twitter_misc":{"Tempo di lettura stimato":"2 minuti"},"schema":{"@context":"https:\/\/schema.org","@graph":[{"@type":"WebPage","@id":"https:\/\/sidepalsa.com\/it\/tavole-rototraslanti\/","url":"https:\/\/sidepalsa.com\/it\/tavole-rototraslanti\/","name":"Tavole rototraslanti - Sidepalsa","isPartOf":{"@id":"https:\/\/sidepalsa.com\/#website"},"datePublished":"2017-03-29T12:38:54+00:00","dateModified":"2017-05-22T10:49:34+00:00","breadcrumb":{"@id":"https:\/\/sidepalsa.com\/it\/tavole-rototraslanti\/#breadcrumb"},"inLanguage":"it-IT","potentialAction":[{"@type":"ReadAction","target":["https:\/\/sidepalsa.com\/it\/tavole-rototraslanti\/"]}]},{"@type":"BreadcrumbList","@id":"https:\/\/sidepalsa.com\/it\/tavole-rototraslanti\/#breadcrumb","itemListElement":[{"@type":"ListItem","position":1,"name":"Portada","item":"https:\/\/sidepalsa.com\/it\/"},{"@type":"ListItem","position":2,"name":"Tavole rototraslanti"}]},{"@type":"WebSite","@id":"https:\/\/sidepalsa.com\/#website","url":"https:\/\/sidepalsa.com\/","name":"Sidepalsa","description":"A. INGENIER\u00cdA DE AUTOMATISMOS","publisher":{"@id":"https:\/\/sidepalsa.com\/#organization"},"potentialAction":[{"@type":"SearchAction","target":{"@type":"EntryPoint","urlTemplate":"https:\/\/sidepalsa.com\/?s={search_term_string}"},"query-input":{"@type":"PropertyValueSpecification","valueRequired":true,"valueName":"search_term_string"}}],"inLanguage":"it-IT"},{"@type":"Organization","@id":"https:\/\/sidepalsa.com\/#organization","name":"Sidepalsa","url":"https:\/\/sidepalsa.com\/","logo":{"@type":"ImageObject","inLanguage":"it-IT","@id":"https:\/\/sidepalsa.com\/#\/schema\/logo\/image\/","url":"https:\/\/www.sidepalsa.com\/wp-content\/uploads\/2017\/02\/logo_sidepalsa-1.png","contentUrl":"https:\/\/www.sidepalsa.com\/wp-content\/uploads\/2017\/02\/logo_sidepalsa-1.png","width":226,"height":101,"caption":"Sidepalsa"},"image":{"@id":"https:\/\/sidepalsa.com\/#\/schema\/logo\/image\/"}}]}},"_links":{"self":[{"href":"https:\/\/sidepalsa.com\/it\/wp-json\/wp\/v2\/pages\/2299","targetHints":{"allow":["GET"]}}],"collection":[{"href":"https:\/\/sidepalsa.com\/it\/wp-json\/wp\/v2\/pages"}],"about":[{"href":"https:\/\/sidepalsa.com\/it\/wp-json\/wp\/v2\/types\/page"}],"author":[{"embeddable":true,"href":"https:\/\/sidepalsa.com\/it\/wp-json\/wp\/v2\/users\/8"}],"replies":[{"embeddable":true,"href":"https:\/\/sidepalsa.com\/it\/wp-json\/wp\/v2\/comments?post=2299"}],"version-history":[{"count":0,"href":"https:\/\/sidepalsa.com\/it\/wp-json\/wp\/v2\/pages\/2299\/revisions"}],"wp:attachment":[{"href":"https:\/\/sidepalsa.com\/it\/wp-json\/wp\/v2\/media?parent=2299"}],"curies":[{"name":"wp","href":"https:\/\/api.w.org\/{rel}","templated":true}]}}