{"id":2240,"date":"2017-03-28T09:15:50","date_gmt":"2017-03-28T09:15:50","guid":{"rendered":"http:\/\/www.sidepalsa.com\/?page_id=2240\/"},"modified":"2017-03-29T12:05:19","modified_gmt":"2017-03-29T12:05:19","slug":"avvertenza-legale","status":"publish","type":"page","link":"https:\/\/sidepalsa.com\/it\/avvertenza-legale\/","title":{"rendered":"Avvertenza legale"},"content":{"rendered":"<div class=\"wpb-content-wrapper\"><p>[vc_row][vc_column][vc_empty_space height=&#8221;50px&#8221;][\/vc_column][\/vc_row][vc_row][vc_column width=&#8221;1\/4&#8243;][vc_column_text]<\/p>\n<h1 class=\"rayi\">Avvertenza legale<\/h1>\n<p>[\/vc_column_text][\/vc_column][vc_column width=&#8221;3\/4&#8243;][vc_column_text]<\/p>\n<h3>1. Identit\u00e0 del titolare della presente web<\/h3>\n<p>Ai sensi della legge 34\/2002 dell&#8217;11 luglio sui servizi delle societ\u00e0 di informazione e del commercio elettronico, informiamo che il titolare del sito<br \/>\nwww.sidepalsa.com \u00e8:<br \/>\n<strong>Ragione sociale:<\/strong><br \/>\nA. Ingenier\u00eda de Automatismos<br \/>\n<strong>P. IVA:<\/strong><br \/>\nA-95606471<br \/>\n<strong>Indirizzo:<\/strong><br \/>\nBarrio Ortuzar, s\/n 48213 IZURTZA Bizkaia. Spagna<br \/>\n<strong>Telefono:<\/strong> +34 946 817 250<br \/>\n<strong>Fax:<\/strong> +34 946 816 893<br \/>\n<strong>Indirizzo E-mail:<\/strong> a.ingenieria@sidepalsa.com<\/p>\n<h3>2. Condizioni generali per l&#8217;uso di questo sito web<\/h3>\n<p>L&#8217;accesso a questa pagina web vi assegna lo stato di \u201cUtente\u201d che implica l&#8217;accettazione espressa e senza riserve delle condizioni generali pubblicate su www.sidepalsa.com nel momento in cui si accede alla web. L&#8217;utente, pertanto, \u00e8 tenuto a leggere le presenti condizioni generali d&#8217;uso ogni volta che intende accedere e utilizzare i servizi prestati attraverso questa web in quanto possono essere soggette a modifiche.<br \/>\nIn tal senso, si intende per \u201cUtente\u201d la persona che accede, naviga, utilizza o partecipa ai servizi e alle attivit\u00e0, gratuite o a pagamento, sviluppate su www.sidepalsa.com.<\/p>\n<h4>2.1. Obiettivo e ambito di applicazione<\/h4>\n<p>Le presenti condizioni generali d&#8217;uso regolano l&#8217;accesso, la navigazione e l&#8217;uso del sito www.sidepalsa.com nonch\u00e9 le responsabilit\u00e0 derivanti dall&#8217;utilizzo dei suoi contenuti come testi, grafici, disegni, progettazioni, codici, software, fotografie, musica, video, suoni, database, immagini, espressioni e informazioni, cos\u00ec come qualsiasi altra creazione protetta dalle leggi nazionali e dai trattati internazionali sulla propriet\u00e0 intellettuale e industriale.<br \/>\nSidepalsa pu\u00f2 stabilire le condizioni particolari che saranno applicate per l&#8217;uso e\/o il contratto di servizi specifici in quanto le presenti condizioni generali sono di applicazione supplementare.<\/p>\n<h4>2.2. Condizioni d&#8217;accesso e utilizzo dei servizi<\/h4>\n<p>L&#8217;accesso al sito www.sidepalsa.com in generale ha carattere libero e gratuito. Tuttavia, alcuni dei servizi e dei contenuti possono essere soggetti alla previa contrattazione del servizio o prodotto in quanto in tali casi sono applicabili le condizioni particolari create agli effetti che Sidepalsa metter\u00e0 a disposizione anteriormente alla contrattazione.<br \/>\nI minorenni che desiderano utilizzare i servizi contenuti in questo sito web devono ricevere il consenso previo dei genitori, tutori o rappresentanti legali, essendo questi gli unici responsabili degli atti commessi dai minorenni a loro carico.<br \/>\nL&#8217;utente deve costantemente fare uso lecito dei servizi della presente web, in accordo con le presenti condizioni generali, la legislazione in vigore, la morale e l&#8217;ordine pubblico nonch\u00e9 con le pratiche generalmente accettate su Internet.<br \/>\nL&#8217;utente garantisce che tutte le informazioni inviate tramite moduli di iscrizione presenti in questa web sono lecite, reali, precise, veritiere e aggiornate. L&#8217;utente \u00e8 l&#8217;unico responsabile di informare immediatamente Sidepalsa di eventuali cambiamenti delle informazioni inviate.<br \/>\nL&#8217;utente si asterr\u00e0 da: introdurre virus, programmi, macro o qualsiasi altra sequenza di caratteri con l&#8217;obiettivo di danneggiare o alterare i sistemi informatici di questa web; ostacolare l&#8217;accesso di altri utenti mediante il consumo di massa delle risorse; utilizzare i dati presenti in questa web a scopi pubblicitari; riprodurre, copiare, distribuire, trasformare o mettere a disposizione di terzi i contenuti presenti in questa web; compiere atti attraverso i servizi presenti in questa web che possono violare la propriet\u00e0 intellettuale, i segreti industriali, gli obblighi contrattuali, i diritti all&#8217;onore, all&#8217;immagine e la riservatezza dei dati personali di terzi; compiere atti di concorrenza sleale e pubblicit\u00e0 illecita.<br \/>\nSe per l&#8217;utilizzo e\/o la contrattazione di un servizio su www.sidepalsa.com, l&#8217;utente deve procedere alla sua registrazione, questi sar\u00e0 responsabile della veridicit\u00e0 e della legittimit\u00e0 delle informazioni inserite. Se, a seguito della registrazione, all&#8217;utente \u00e8 fornita una password, questi si impegna a farne un uso diligente e a mantenere la password segreta per accedere a questi servizi. Di conseguenza, gli utenti sono responsabili per l&#8217;adeguata custodia e la riservatezza dei dati di identificazione e\/o delle password che vengono fornite e si impegnano a non cederne l&#8217;uso a terzi, in modo temporaneo o definitivo, n\u00e9 consentirne l&#8217;accesso a persone estranee. L&#8217;utente \u00e8 responsabile per l&#8217;uso illecito dei servizi da parte di terzi illegittimi che utilizzano a tale scopo una password a causa di un uso non diligente o la perdita della stessa da parte dell&#8217;utente. In caso di furto, smarrimento o accesso non autorizzato alla password, l&#8217;utente \u00e8 responsabile della notifica immediata a Sidepalsa al fine di procedere alla cancellazione. Sidepalsa in nessun caso \u00e8 responsabile degli atti compiuti da terzi non autorizzati nel caso in cui non venga eseguita la notifica da parte dell&#8217;utente.<\/p>\n<h3>3. Diritti di propriet\u00e0 intellettuale e industriale<\/h3>\n<p>Sidepalsa \u00e8 titolare dei diritti di propriet\u00e0 intellettuale e industriale di tutti gli elementi contenuti nel sito www.sidepalsa.com, compreso il marchio, il nome commerciale e il segno distintivo. In particolare e senza limitazioni, sono protetti dal copyright il design grafico, codice font, loghi, testi, grafici, illustrazioni, fotografie, suoni e gli altri elementi contenuti nel sito web.<br \/>\nL&#8217;accesso o la navigazione sul sito www.sidepalsa.com implica in nessun caso la rinuncia, la trasmissione o la licenza totale o parziale di Sidepalsa per l&#8217;uso personale all&#8217;utente sui diritti di propriet\u00e0 intellettuale e industriale.<br \/>\nL&#8217;utente pertanto riconosce che la riproduzione, copia, distribuzione, commercializzazione, trasformazione, riutilizzo, comunicazione pubblica e, in generale, qualsiasi altra forma di utilizzo, con qualsiasi mezzo, di tutti i contenuti, o una parte, del sito www.sidepalsa.com, senza espressa autorizzazione scritta di Sidepalsa, costituisce una violazione dei diritti di propriet\u00e0 intellettuale e\/o industriale.<br \/>\nLe informazioni che non sono considerate dati personali trasmesse volontariamente al sito www.sidepalsa.com attraverso Internet (comprese eventuali osservazioni, suggerimenti, idee, grafici, ecc.) diventano di propriet\u00e0 esclusiva di Sidepalsa che detiene i diritti illimitati d&#8217;uso, senza percepire per questo alcun compenso a suo favore n\u00e9 a favore di qualsiasi altra persona.<\/p>\n<h3>4. Regime di responsabilit\u00e0 e garanzie<\/h3>\n<p>Sidepalsa non garantisce la legalit\u00e0, l&#8217;affidabilit\u00e0, l&#8217;utilit\u00e0, la veridicit\u00e0 e la precisione dei servizi o delle informazioni presenti sul sito www.sidepalsa.com e pertanto esclude qualsiasi responsabilit\u00e0 diretta o indiretta per danni di qualsiasi natura derivanti dalla frode di utilizzo o aspettative che l&#8217;utente ha depositato nelle stesse.<br \/>\nSidepalsa dichiara di avere adottato le misure tecniche e organizzative che, nell&#8217;ambito delle sue possibilit\u00e0 e lo stato della tecnologia, permettono il corretto funzionamento del sito e l&#8217;assenza di virus e componenti nocivi, ma non pu\u00f2 essere responsabile per: (a) la continuit\u00e0 e la disponibilit\u00e0 dei contenuti e dei servizi presenti sul sito www.sidepalsa.com; (b) l&#8217;assenza di errori in tali contenuti n\u00e9 la correzione dei difetti che si possono verificare; (c) l&#8217;assenza di virus e\/o di altri componenti nocivi sul sito www.sidepalsa.com; (d) l&#8217;infallibilit\u00e0 delle misure di sicurezza adottate; (e) i danni causati da chiunque violi i sistemi di sicurezza del sito www.sidepalsa.com.<br \/>\nL&#8217;utente \u00e8 l&#8217;unico responsabile dinanzi a terzi di qualsiasi comunicazione inviata personalmente o a loro nome a www.sidepalsa.com e dell&#8217;uso legittimo dei contenuti e dei servizi presenti in questa web.<br \/>\nSidepalsa si riserva il diritto di sospendere temporaneamente e senza preavviso l&#8217;accessibilit\u00e0 a www.sidepalsa.com per eseguire operazioni di manutenzione, riparazione, aggiornamento o migliorie. Ogniqualvolta le circostanze lo consentono Sidepalsa pubblicher\u00e0 sulla sua web, con sufficiente anticipo, un avviso indicando la data prevista per la sospensione dei servizi.<br \/>\nI link alle altre pagine web che potrebbero trovarsi sul sito www.sidepalsa.com possono portare a siti web di cui Sidepalsa non si assume alcuna responsabilit\u00e0 in quanto non possiede alcun tipo di controllo su questi dato che la loro finalit\u00e0 \u00e8 quella di informare l&#8217;utente di altre fonti di informazione e l&#8217;utente quindi accede sotto la sua esclusiva responsabilit\u00e0 ai contenuti e nelle condizioni d&#8217;uso che regolano gli stessi.<br \/>\nSidepalsa non \u00e8 responsabile per l&#8217;uso che gli utenti possono fare dei contenuti e dei servizi presenti nella sua web. Di conseguenza non garantisce che l&#8217;uso che gli utenti possono fare dei contenuti e dei servizi citati sia adeguato alle presenti condizioni generali d&#8217;uso n\u00e9 sia diligente.<\/p>\n<h3>5. Durata e modifiche<\/h3>\n<p>Sidepalsa si riserva il diritto di modificare, in toto o in parte, le presenti condizioni generali di accesso pubblicando le modifiche sul sito www.sidepalsa.com. Pu\u00f2 inoltre apportare senza preavviso le modifiche che ritiene opportune sul sito web, potendo modificare, cancellare o aggiungere i contenuti e i servizi prestati cos\u00ec come la forma in cui questi vengono presentati o localizzati. Sono da intendersi quindi come vigenti le condizioni generali che si trovano pubblicate al momento in cui l&#8217;utente accede al sito www.sidepalsa.com e per questo l&#8217;utente \u00e8 tenuto a leggere regolarmente tali condizioni d&#8217;uso.<br \/>\nIndipendentemente da quanto disposto nelle condizioni particolari, Sidepalsa pu\u00f2 terminare, sospendere o interrompere in qualsiasi momento senza preavviso l&#8217;accesso ai contenuti della pagina, senza possibilit\u00e0 per l&#8217;utente di chiedere un risarcimento alcuno.<\/p>\n<h3>6. Legge applicabile e competenza giurisdizionale<\/h3>\n<p>Le relazioni stabilite tra Sidepalsa e l&#8217;utente sono regolate secondo quanto disposto nelle norme vigenti in materia di legge applicabile e giurisdizione. Tuttavia, per i casi in cui le norme prevedono la possibilit\u00e0 per le parti di sottostare a una giurisdizione, Sidepalsa e l&#8217;utente, rinunciando espressamente a qualsiasi altra giurisdizione valida, si attengono ai tribunali di Bilbao.[\/vc_column_text][vc_empty_space height=&#8221;15px&#8221;][\/vc_column][\/vc_row]<\/p>\n<\/div>","protected":false},"excerpt":{"rendered":"[vc_row][vc_column][vc_empty_space height=&#8221;50px&#8221;][\/vc_column][\/vc_row][vc_row][vc_column width=&#8221;1\/4&#8243;][vc_column_text] Avvertenza legale [\/vc_column_text][\/vc_column][vc_column width=&#8221;3\/4&#8243;][vc_column_text] 1. Identit\u00e0 del titolare della presente web Ai sensi della legge 34\/2002 dell&#8217;11 luglio sui servizi delle societ\u00e0 di informazione e del commercio elettronico, informiamo che il titolare del sito www.sidepalsa.com \u00e8: Ragione sociale: A. Ingenier\u00eda de Automatismos P. IVA: A-95606471 Indirizzo: Barrio Ortuzar, s\/n 48213 IZURTZA Bizkaia.[&#8230;]","protected":false},"author":8,"featured_media":0,"parent":0,"menu_order":0,"comment_status":"closed","ping_status":"closed","template":"","meta":{"footnotes":""},"class_list":["post-2240","page","type-page","status-publish","hentry"],"yoast_head":"<!-- This site is optimized with the Yoast SEO plugin v27.4 - https:\/\/yoast.com\/product\/yoast-seo-wordpress\/ -->\n<title>Avvertenza legale - Sidepalsa<\/title>\n<meta name=\"robots\" content=\"index, follow, max-snippet:-1, max-image-preview:large, max-video-preview:-1\" \/>\n<link rel=\"canonical\" href=\"https:\/\/sidepalsa.com\/it\/avvertenza-legale\/\" \/>\n<meta property=\"og:locale\" content=\"it_IT\" \/>\n<meta property=\"og:type\" content=\"article\" \/>\n<meta property=\"og:title\" content=\"Avvertenza legale - Sidepalsa\" \/>\n<meta property=\"og:description\" content=\"[vc_row][vc_column][vc_empty_space height=&#8221;50px&#8221;][\/vc_column][\/vc_row][vc_row][vc_column width=&#8221;1\/4&#8243;][vc_column_text] Avvertenza legale [\/vc_column_text][\/vc_column][vc_column width=&#8221;3\/4&#8243;][vc_column_text] 1. Identit\u00e0 del titolare della presente web Ai sensi della legge 34\/2002 dell&#8217;11 luglio sui servizi delle societ\u00e0 di informazione e del commercio elettronico, informiamo che il titolare del sito www.sidepalsa.com \u00e8: Ragione sociale: A. Ingenier\u00eda de Automatismos P. IVA: A-95606471 Indirizzo: Barrio Ortuzar, s\/n 48213 IZURTZA Bizkaia.[...]\" \/>\n<meta property=\"og:url\" content=\"https:\/\/sidepalsa.com\/it\/avvertenza-legale\/\" \/>\n<meta property=\"og:site_name\" content=\"Sidepalsa\" \/>\n<meta property=\"article:modified_time\" content=\"2017-03-29T12:05:19+00:00\" \/>\n<meta name=\"twitter:card\" content=\"summary_large_image\" \/>\n<meta name=\"twitter:label1\" content=\"Tempo di lettura stimato\" \/>\n\t<meta name=\"twitter:data1\" content=\"8 minuti\" \/>\n<script type=\"application\/ld+json\" class=\"yoast-schema-graph\">{\"@context\":\"https:\\\/\\\/schema.org\",\"@graph\":[{\"@type\":\"WebPage\",\"@id\":\"https:\\\/\\\/sidepalsa.com\\\/it\\\/avvertenza-legale\\\/\",\"url\":\"https:\\\/\\\/sidepalsa.com\\\/it\\\/avvertenza-legale\\\/\",\"name\":\"Avvertenza legale - Sidepalsa\",\"isPartOf\":{\"@id\":\"https:\\\/\\\/sidepalsa.com\\\/#website\"},\"datePublished\":\"2017-03-28T09:15:50+00:00\",\"dateModified\":\"2017-03-29T12:05:19+00:00\",\"breadcrumb\":{\"@id\":\"https:\\\/\\\/sidepalsa.com\\\/it\\\/avvertenza-legale\\\/#breadcrumb\"},\"inLanguage\":\"it-IT\",\"potentialAction\":[{\"@type\":\"ReadAction\",\"target\":[\"https:\\\/\\\/sidepalsa.com\\\/it\\\/avvertenza-legale\\\/\"]}]},{\"@type\":\"BreadcrumbList\",\"@id\":\"https:\\\/\\\/sidepalsa.com\\\/it\\\/avvertenza-legale\\\/#breadcrumb\",\"itemListElement\":[{\"@type\":\"ListItem\",\"position\":1,\"name\":\"Portada\",\"item\":\"https:\\\/\\\/sidepalsa.com\\\/it\\\/\"},{\"@type\":\"ListItem\",\"position\":2,\"name\":\"Avvertenza legale\"}]},{\"@type\":\"WebSite\",\"@id\":\"https:\\\/\\\/sidepalsa.com\\\/#website\",\"url\":\"https:\\\/\\\/sidepalsa.com\\\/\",\"name\":\"Sidepalsa\",\"description\":\"A. INGENIER\u00cdA DE AUTOMATISMOS\",\"publisher\":{\"@id\":\"https:\\\/\\\/sidepalsa.com\\\/#organization\"},\"potentialAction\":[{\"@type\":\"SearchAction\",\"target\":{\"@type\":\"EntryPoint\",\"urlTemplate\":\"https:\\\/\\\/sidepalsa.com\\\/?s={search_term_string}\"},\"query-input\":{\"@type\":\"PropertyValueSpecification\",\"valueRequired\":true,\"valueName\":\"search_term_string\"}}],\"inLanguage\":\"it-IT\"},{\"@type\":\"Organization\",\"@id\":\"https:\\\/\\\/sidepalsa.com\\\/#organization\",\"name\":\"Sidepalsa\",\"url\":\"https:\\\/\\\/sidepalsa.com\\\/\",\"logo\":{\"@type\":\"ImageObject\",\"inLanguage\":\"it-IT\",\"@id\":\"https:\\\/\\\/sidepalsa.com\\\/#\\\/schema\\\/logo\\\/image\\\/\",\"url\":\"https:\\\/\\\/www.sidepalsa.com\\\/wp-content\\\/uploads\\\/2017\\\/02\\\/logo_sidepalsa-1.png\",\"contentUrl\":\"https:\\\/\\\/www.sidepalsa.com\\\/wp-content\\\/uploads\\\/2017\\\/02\\\/logo_sidepalsa-1.png\",\"width\":226,\"height\":101,\"caption\":\"Sidepalsa\"},\"image\":{\"@id\":\"https:\\\/\\\/sidepalsa.com\\\/#\\\/schema\\\/logo\\\/image\\\/\"}}]}<\/script>\n<!-- \/ Yoast SEO plugin. -->","yoast_head_json":{"title":"Avvertenza legale - Sidepalsa","robots":{"index":"index","follow":"follow","max-snippet":"max-snippet:-1","max-image-preview":"max-image-preview:large","max-video-preview":"max-video-preview:-1"},"canonical":"https:\/\/sidepalsa.com\/it\/avvertenza-legale\/","og_locale":"it_IT","og_type":"article","og_title":"Avvertenza legale - Sidepalsa","og_description":"[vc_row][vc_column][vc_empty_space height=&#8221;50px&#8221;][\/vc_column][\/vc_row][vc_row][vc_column width=&#8221;1\/4&#8243;][vc_column_text] Avvertenza legale [\/vc_column_text][\/vc_column][vc_column width=&#8221;3\/4&#8243;][vc_column_text] 1. Identit\u00e0 del titolare della presente web Ai sensi della legge 34\/2002 dell&#8217;11 luglio sui servizi delle societ\u00e0 di informazione e del commercio elettronico, informiamo che il titolare del sito www.sidepalsa.com \u00e8: Ragione sociale: A. Ingenier\u00eda de Automatismos P. IVA: A-95606471 Indirizzo: Barrio Ortuzar, s\/n 48213 IZURTZA Bizkaia.[...]","og_url":"https:\/\/sidepalsa.com\/it\/avvertenza-legale\/","og_site_name":"Sidepalsa","article_modified_time":"2017-03-29T12:05:19+00:00","twitter_card":"summary_large_image","twitter_misc":{"Tempo di lettura stimato":"8 minuti"},"schema":{"@context":"https:\/\/schema.org","@graph":[{"@type":"WebPage","@id":"https:\/\/sidepalsa.com\/it\/avvertenza-legale\/","url":"https:\/\/sidepalsa.com\/it\/avvertenza-legale\/","name":"Avvertenza legale - Sidepalsa","isPartOf":{"@id":"https:\/\/sidepalsa.com\/#website"},"datePublished":"2017-03-28T09:15:50+00:00","dateModified":"2017-03-29T12:05:19+00:00","breadcrumb":{"@id":"https:\/\/sidepalsa.com\/it\/avvertenza-legale\/#breadcrumb"},"inLanguage":"it-IT","potentialAction":[{"@type":"ReadAction","target":["https:\/\/sidepalsa.com\/it\/avvertenza-legale\/"]}]},{"@type":"BreadcrumbList","@id":"https:\/\/sidepalsa.com\/it\/avvertenza-legale\/#breadcrumb","itemListElement":[{"@type":"ListItem","position":1,"name":"Portada","item":"https:\/\/sidepalsa.com\/it\/"},{"@type":"ListItem","position":2,"name":"Avvertenza legale"}]},{"@type":"WebSite","@id":"https:\/\/sidepalsa.com\/#website","url":"https:\/\/sidepalsa.com\/","name":"Sidepalsa","description":"A. INGENIER\u00cdA DE AUTOMATISMOS","publisher":{"@id":"https:\/\/sidepalsa.com\/#organization"},"potentialAction":[{"@type":"SearchAction","target":{"@type":"EntryPoint","urlTemplate":"https:\/\/sidepalsa.com\/?s={search_term_string}"},"query-input":{"@type":"PropertyValueSpecification","valueRequired":true,"valueName":"search_term_string"}}],"inLanguage":"it-IT"},{"@type":"Organization","@id":"https:\/\/sidepalsa.com\/#organization","name":"Sidepalsa","url":"https:\/\/sidepalsa.com\/","logo":{"@type":"ImageObject","inLanguage":"it-IT","@id":"https:\/\/sidepalsa.com\/#\/schema\/logo\/image\/","url":"https:\/\/www.sidepalsa.com\/wp-content\/uploads\/2017\/02\/logo_sidepalsa-1.png","contentUrl":"https:\/\/www.sidepalsa.com\/wp-content\/uploads\/2017\/02\/logo_sidepalsa-1.png","width":226,"height":101,"caption":"Sidepalsa"},"image":{"@id":"https:\/\/sidepalsa.com\/#\/schema\/logo\/image\/"}}]}},"_links":{"self":[{"href":"https:\/\/sidepalsa.com\/it\/wp-json\/wp\/v2\/pages\/2240","targetHints":{"allow":["GET"]}}],"collection":[{"href":"https:\/\/sidepalsa.com\/it\/wp-json\/wp\/v2\/pages"}],"about":[{"href":"https:\/\/sidepalsa.com\/it\/wp-json\/wp\/v2\/types\/page"}],"author":[{"embeddable":true,"href":"https:\/\/sidepalsa.com\/it\/wp-json\/wp\/v2\/users\/8"}],"replies":[{"embeddable":true,"href":"https:\/\/sidepalsa.com\/it\/wp-json\/wp\/v2\/comments?post=2240"}],"version-history":[{"count":0,"href":"https:\/\/sidepalsa.com\/it\/wp-json\/wp\/v2\/pages\/2240\/revisions"}],"wp:attachment":[{"href":"https:\/\/sidepalsa.com\/it\/wp-json\/wp\/v2\/media?parent=2240"}],"curies":[{"name":"wp","href":"https:\/\/api.w.org\/{rel}","templated":true}]}}