{"id":2259,"date":"2017-03-29T11:28:24","date_gmt":"2017-03-29T11:28:24","guid":{"rendered":"http:\/\/www.sidepalsa.com\/?page_id=2259\/"},"modified":"2017-04-27T09:27:09","modified_gmt":"2017-04-27T09:27:09","slug":"linnovation","status":"publish","type":"page","link":"https:\/\/sidepalsa.com\/fr\/linnovation\/","title":{"rendered":"L\u2019innovation"},"content":{"rendered":"<div class=\"wpb-content-wrapper\"><p>[vc_row overlay_dotted=\u00a0\u00bb\u00a0\u00bb][vc_column][vc_empty_space height=\u00a0\u00bb50px\u00a0\u00bb][\/vc_column][\/vc_row][vc_row][vc_column width=\u00a0\u00bb1\/4&Prime;][vc_column_text]<\/p>\n<h1 class=\"rayi\">L\u2019innovation<\/h1>\n<p>[\/vc_column_text][\/vc_column][vc_column width=\u00a0\u00bb3\/4&Prime;][vc_column_text]<\/p>\n<h3>La recherche et l&rsquo;am\u00e9lioration continue nous permettent de fournir des produits de qualit\u00e9 fiable, durable et d\u2019haute qualit\u00e9.<\/h3>\n<p>[\/vc_column_text][vc_empty_space height=\u00a0\u00bb15px\u00a0\u00bb][vc_row_inner][vc_column_inner width=\u00a0\u00bb1\/2&Prime;][vc_masonry_media_grid element_width=\u00a0\u00bb6&Prime; grid_id=\u00a0\u00bbvc_gid:1493285179532-fb8615b2-3066-0&Prime; include=\u00a0\u00bb1748,1780,1781&Prime;][\/vc_column_inner][vc_column_inner width=\u00a0\u00bb1\/2&Prime;][vc_separator][vc_column_text]SIDEPALSA \u00e9volue avec le march\u00e9 et nos solutions sont adapt\u00e9es aux besoins de nos clients, nous permettant de d\u00e9velopper des applications selon les crit\u00e8res les plus \u00e9lev\u00e9es.<\/p>\n<p>Nous travaillons \u00e0 partir de l&rsquo;exp\u00e9rience et de la connaissance. Merci \u00e0 l&rsquo;effort de recherche de notre \u00e9quipe, nous sommes en mesure d&rsquo;offrir des solutions nouvelles et des produits enti\u00e8rement innovants.<\/p>\n<p>Nous effectuons \u00e9galement un contr\u00f4le complet de chaque processus afin de garantir les plus hauts niveaux de qualit\u00e9. Nos produits sont livr\u00e9s au client pr\u00eat pour l&rsquo;installation et le d\u00e9marrage imm\u00e9diat.[\/vc_column_text][\/vc_column_inner][\/vc_row_inner][\/vc_column][\/vc_row]<\/p>\n<\/div>","protected":false},"excerpt":{"rendered":"[vc_row overlay_dotted=\u00a0\u00bb\u00a0\u00bb][vc_column][vc_empty_space height=\u00a0\u00bb50px\u00a0\u00bb][\/vc_column][\/vc_row][vc_row][vc_column width=\u00a0\u00bb1\/4&Prime;][vc_column_text] L\u2019innovation [\/vc_column_text][\/vc_column][vc_column width=\u00a0\u00bb3\/4&Prime;][vc_column_text] La recherche et l&rsquo;am\u00e9lioration continue nous permettent de fournir des produits de qualit\u00e9 fiable, durable et d\u2019haute qualit\u00e9. [\/vc_column_text][vc_empty_space height=\u00a0\u00bb15px\u00a0\u00bb][vc_row_inner][vc_column_inner width=\u00a0\u00bb1\/2&Prime;][vc_masonry_media_grid element_width=\u00a0\u00bb6&Prime; grid_id=\u00a0\u00bbvc_gid:1493285179532-fb8615b2-3066-0&Prime; include=\u00a0\u00bb1748,1780,1781&Prime;][\/vc_column_inner][vc_column_inner width=\u00a0\u00bb1\/2&Prime;][vc_separator][vc_column_text]SIDEPALSA \u00e9volue avec le march\u00e9 et nos solutions sont adapt\u00e9es aux besoins de nos clients, nous permettant de d\u00e9velopper des applications selon les crit\u00e8res[&#8230;]","protected":false},"author":8,"featured_media":0,"parent":0,"menu_order":0,"comment_status":"closed","ping_status":"closed","template":"","meta":{"footnotes":""},"class_list":["post-2259","page","type-page","status-publish","hentry"],"yoast_head":"<!-- This site is optimized with the Yoast SEO plugin v27.4 - https:\/\/yoast.com\/product\/yoast-seo-wordpress\/ -->\n<title>L\u2019innovation - Sidepalsa<\/title>\n<meta name=\"robots\" content=\"index, follow, max-snippet:-1, max-image-preview:large, max-video-preview:-1\" \/>\n<link rel=\"canonical\" href=\"https:\/\/sidepalsa.com\/fr\/linnovation\/\" \/>\n<meta property=\"og:locale\" content=\"fr_FR\" \/>\n<meta property=\"og:type\" content=\"article\" \/>\n<meta property=\"og:title\" content=\"L\u2019innovation - Sidepalsa\" \/>\n<meta property=\"og:description\" content=\"[vc_row overlay_dotted=\u00a0\u00bb\u00a0\u00bb][vc_column][vc_empty_space height=\u00a0\u00bb50px\u00a0\u00bb][\/vc_column][\/vc_row][vc_row][vc_column width=\u00a0\u00bb1\/4&Prime;][vc_column_text] L\u2019innovation [\/vc_column_text][\/vc_column][vc_column width=\u00a0\u00bb3\/4&Prime;][vc_column_text] La recherche et l&rsquo;am\u00e9lioration continue nous permettent de fournir des produits de qualit\u00e9 fiable, durable et d\u2019haute qualit\u00e9. [\/vc_column_text][vc_empty_space height=\u00a0\u00bb15px\u00a0\u00bb][vc_row_inner][vc_column_inner width=\u00a0\u00bb1\/2&Prime;][vc_masonry_media_grid element_width=\u00a0\u00bb6&Prime; grid_id=\u00a0\u00bbvc_gid:1493285179532-fb8615b2-3066-0&Prime; include=\u00a0\u00bb1748,1780,1781&Prime;][\/vc_column_inner][vc_column_inner width=\u00a0\u00bb1\/2&Prime;][vc_separator][vc_column_text]SIDEPALSA \u00e9volue avec le march\u00e9 et nos solutions sont adapt\u00e9es aux besoins de nos clients, nous permettant de d\u00e9velopper des applications selon les crit\u00e8res[...]\" \/>\n<meta property=\"og:url\" content=\"https:\/\/sidepalsa.com\/fr\/linnovation\/\" \/>\n<meta property=\"og:site_name\" content=\"Sidepalsa\" \/>\n<meta property=\"article:modified_time\" content=\"2017-04-27T09:27:09+00:00\" \/>\n<meta name=\"twitter:card\" content=\"summary_large_image\" \/>\n<meta name=\"twitter:label1\" content=\"Dur\u00e9e de lecture estim\u00e9e\" \/>\n\t<meta name=\"twitter:data1\" content=\"1 minute\" \/>\n<script type=\"application\/ld+json\" class=\"yoast-schema-graph\">{\"@context\":\"https:\\\/\\\/schema.org\",\"@graph\":[{\"@type\":\"WebPage\",\"@id\":\"https:\\\/\\\/sidepalsa.com\\\/fr\\\/linnovation\\\/\",\"url\":\"https:\\\/\\\/sidepalsa.com\\\/fr\\\/linnovation\\\/\",\"name\":\"L\u2019innovation - Sidepalsa\",\"isPartOf\":{\"@id\":\"https:\\\/\\\/sidepalsa.com\\\/#website\"},\"datePublished\":\"2017-03-29T11:28:24+00:00\",\"dateModified\":\"2017-04-27T09:27:09+00:00\",\"breadcrumb\":{\"@id\":\"https:\\\/\\\/sidepalsa.com\\\/fr\\\/linnovation\\\/#breadcrumb\"},\"inLanguage\":\"fr-FR\",\"potentialAction\":[{\"@type\":\"ReadAction\",\"target\":[\"https:\\\/\\\/sidepalsa.com\\\/fr\\\/linnovation\\\/\"]}]},{\"@type\":\"BreadcrumbList\",\"@id\":\"https:\\\/\\\/sidepalsa.com\\\/fr\\\/linnovation\\\/#breadcrumb\",\"itemListElement\":[{\"@type\":\"ListItem\",\"position\":1,\"name\":\"Portada\",\"item\":\"https:\\\/\\\/sidepalsa.com\\\/fr\\\/\"},{\"@type\":\"ListItem\",\"position\":2,\"name\":\"L\u2019innovation\"}]},{\"@type\":\"WebSite\",\"@id\":\"https:\\\/\\\/sidepalsa.com\\\/#website\",\"url\":\"https:\\\/\\\/sidepalsa.com\\\/\",\"name\":\"Sidepalsa\",\"description\":\"A. INGENIER\u00cdA DE AUTOMATISMOS\",\"publisher\":{\"@id\":\"https:\\\/\\\/sidepalsa.com\\\/#organization\"},\"potentialAction\":[{\"@type\":\"SearchAction\",\"target\":{\"@type\":\"EntryPoint\",\"urlTemplate\":\"https:\\\/\\\/sidepalsa.com\\\/?s={search_term_string}\"},\"query-input\":{\"@type\":\"PropertyValueSpecification\",\"valueRequired\":true,\"valueName\":\"search_term_string\"}}],\"inLanguage\":\"fr-FR\"},{\"@type\":\"Organization\",\"@id\":\"https:\\\/\\\/sidepalsa.com\\\/#organization\",\"name\":\"Sidepalsa\",\"url\":\"https:\\\/\\\/sidepalsa.com\\\/\",\"logo\":{\"@type\":\"ImageObject\",\"inLanguage\":\"fr-FR\",\"@id\":\"https:\\\/\\\/sidepalsa.com\\\/#\\\/schema\\\/logo\\\/image\\\/\",\"url\":\"https:\\\/\\\/www.sidepalsa.com\\\/wp-content\\\/uploads\\\/2017\\\/02\\\/logo_sidepalsa-1.png\",\"contentUrl\":\"https:\\\/\\\/www.sidepalsa.com\\\/wp-content\\\/uploads\\\/2017\\\/02\\\/logo_sidepalsa-1.png\",\"width\":226,\"height\":101,\"caption\":\"Sidepalsa\"},\"image\":{\"@id\":\"https:\\\/\\\/sidepalsa.com\\\/#\\\/schema\\\/logo\\\/image\\\/\"}}]}<\/script>\n<!-- \/ Yoast SEO plugin. -->","yoast_head_json":{"title":"L\u2019innovation - Sidepalsa","robots":{"index":"index","follow":"follow","max-snippet":"max-snippet:-1","max-image-preview":"max-image-preview:large","max-video-preview":"max-video-preview:-1"},"canonical":"https:\/\/sidepalsa.com\/fr\/linnovation\/","og_locale":"fr_FR","og_type":"article","og_title":"L\u2019innovation - Sidepalsa","og_description":"[vc_row overlay_dotted=\u00a0\u00bb\u00a0\u00bb][vc_column][vc_empty_space height=\u00a0\u00bb50px\u00a0\u00bb][\/vc_column][\/vc_row][vc_row][vc_column width=\u00a0\u00bb1\/4&Prime;][vc_column_text] L\u2019innovation [\/vc_column_text][\/vc_column][vc_column width=\u00a0\u00bb3\/4&Prime;][vc_column_text] La recherche et l&rsquo;am\u00e9lioration continue nous permettent de fournir des produits de qualit\u00e9 fiable, durable et d\u2019haute qualit\u00e9. [\/vc_column_text][vc_empty_space height=\u00a0\u00bb15px\u00a0\u00bb][vc_row_inner][vc_column_inner width=\u00a0\u00bb1\/2&Prime;][vc_masonry_media_grid element_width=\u00a0\u00bb6&Prime; grid_id=\u00a0\u00bbvc_gid:1493285179532-fb8615b2-3066-0&Prime; include=\u00a0\u00bb1748,1780,1781&Prime;][\/vc_column_inner][vc_column_inner width=\u00a0\u00bb1\/2&Prime;][vc_separator][vc_column_text]SIDEPALSA \u00e9volue avec le march\u00e9 et nos solutions sont adapt\u00e9es aux besoins de nos clients, nous permettant de d\u00e9velopper des applications selon les crit\u00e8res[...]","og_url":"https:\/\/sidepalsa.com\/fr\/linnovation\/","og_site_name":"Sidepalsa","article_modified_time":"2017-04-27T09:27:09+00:00","twitter_card":"summary_large_image","twitter_misc":{"Dur\u00e9e de lecture estim\u00e9e":"1 minute"},"schema":{"@context":"https:\/\/schema.org","@graph":[{"@type":"WebPage","@id":"https:\/\/sidepalsa.com\/fr\/linnovation\/","url":"https:\/\/sidepalsa.com\/fr\/linnovation\/","name":"L\u2019innovation - Sidepalsa","isPartOf":{"@id":"https:\/\/sidepalsa.com\/#website"},"datePublished":"2017-03-29T11:28:24+00:00","dateModified":"2017-04-27T09:27:09+00:00","breadcrumb":{"@id":"https:\/\/sidepalsa.com\/fr\/linnovation\/#breadcrumb"},"inLanguage":"fr-FR","potentialAction":[{"@type":"ReadAction","target":["https:\/\/sidepalsa.com\/fr\/linnovation\/"]}]},{"@type":"BreadcrumbList","@id":"https:\/\/sidepalsa.com\/fr\/linnovation\/#breadcrumb","itemListElement":[{"@type":"ListItem","position":1,"name":"Portada","item":"https:\/\/sidepalsa.com\/fr\/"},{"@type":"ListItem","position":2,"name":"L\u2019innovation"}]},{"@type":"WebSite","@id":"https:\/\/sidepalsa.com\/#website","url":"https:\/\/sidepalsa.com\/","name":"Sidepalsa","description":"A. INGENIER\u00cdA DE AUTOMATISMOS","publisher":{"@id":"https:\/\/sidepalsa.com\/#organization"},"potentialAction":[{"@type":"SearchAction","target":{"@type":"EntryPoint","urlTemplate":"https:\/\/sidepalsa.com\/?s={search_term_string}"},"query-input":{"@type":"PropertyValueSpecification","valueRequired":true,"valueName":"search_term_string"}}],"inLanguage":"fr-FR"},{"@type":"Organization","@id":"https:\/\/sidepalsa.com\/#organization","name":"Sidepalsa","url":"https:\/\/sidepalsa.com\/","logo":{"@type":"ImageObject","inLanguage":"fr-FR","@id":"https:\/\/sidepalsa.com\/#\/schema\/logo\/image\/","url":"https:\/\/www.sidepalsa.com\/wp-content\/uploads\/2017\/02\/logo_sidepalsa-1.png","contentUrl":"https:\/\/www.sidepalsa.com\/wp-content\/uploads\/2017\/02\/logo_sidepalsa-1.png","width":226,"height":101,"caption":"Sidepalsa"},"image":{"@id":"https:\/\/sidepalsa.com\/#\/schema\/logo\/image\/"}}]}},"_links":{"self":[{"href":"https:\/\/sidepalsa.com\/fr\/wp-json\/wp\/v2\/pages\/2259","targetHints":{"allow":["GET"]}}],"collection":[{"href":"https:\/\/sidepalsa.com\/fr\/wp-json\/wp\/v2\/pages"}],"about":[{"href":"https:\/\/sidepalsa.com\/fr\/wp-json\/wp\/v2\/types\/page"}],"author":[{"embeddable":true,"href":"https:\/\/sidepalsa.com\/fr\/wp-json\/wp\/v2\/users\/8"}],"replies":[{"embeddable":true,"href":"https:\/\/sidepalsa.com\/fr\/wp-json\/wp\/v2\/comments?post=2259"}],"version-history":[{"count":0,"href":"https:\/\/sidepalsa.com\/fr\/wp-json\/wp\/v2\/pages\/2259\/revisions"}],"wp:attachment":[{"href":"https:\/\/sidepalsa.com\/fr\/wp-json\/wp\/v2\/media?parent=2259"}],"curies":[{"name":"wp","href":"https:\/\/api.w.org\/{rel}","templated":true}]}}