{"id":2743,"date":"2017-04-27T10:39:22","date_gmt":"2017-04-27T10:39:22","guid":{"rendered":"http:\/\/www.sidepalsa.com\/?page_id=2743\/"},"modified":"2017-04-28T10:29:43","modified_gmt":"2017-04-28T10:29:43","slug":"produkte","status":"publish","type":"page","link":"https:\/\/sidepalsa.com\/de\/produkte\/","title":{"rendered":"Produkte"},"content":{"rendered":"<div class=\"wpb-content-wrapper\"><p>[vc_row overlay_dotted=&#8220;&#8220;][vc_column][vc_empty_space height=&#8220;50px&#8220;][\/vc_column][\/vc_row][vc_row][vc_column width=&#8220;1\/4&#8243;][vc_column_text]<\/p>\n<h1 class=\"rayi\">Produkte<\/h1>\n<p>[\/vc_column_text][vc_wp_custommenu nav_menu=&#8220;55&#8243;][\/vc_column][vc_column width=&#8220;3\/4&#8243;][vc_column_text]<\/p>\n<h3>Von Standard-Systemen bis hin zu den anspruchsvollsten Anwendungen. Die machb\u00e4re M\u00f6glichkeiten und Varianten sind endlos.<br \/>\nUnsere innovative und evolution\u00e4re Berufung macht unsere Anstrengungen zur Entwicklung spezieller Anwendungen.<\/h3>\n<p>[\/vc_column_text][vc_empty_space height=&#8220;15px&#8220;][vc_row_inner][vc_column_inner width=&#8220;1\/2&#8243;][vc_single_image image=&#8220;2007&#8243; img_size=&#8220;full&#8220; css=&#8220;.vc_custom_1493289109674{margin-top: 0px !important;margin-right: 0px !important;margin-bottom: 5px !important;margin-left: 0px !important;padding-top: 0px !important;padding-right: 0px !important;padding-bottom: 0px !important;padding-left: 0px !important;}&#8220;][\/vc_column_inner][vc_column_inner width=&#8220;1\/2&#8243;][vc_separator][vc_column_text]Alle unsere Anwendungen werden gemeinsam mit unserem Kunden entwickelt. Wir passen uns den Bed\u00fcrfnissen und Besonderheiten jeder Maschine an.<\/p>\n<p>In diesen Jahrzehnten wurden mehr als <strong>4.200<\/strong> Werkzeugmagazine und Werkzeugwechsler hergestellt.<\/p>\n<p>Unsere Anwendungen arbeiten t\u00e4glich in mehr als 80 L\u00e4ndern auf allen 5 Kontinenten.<\/p>\n<p>Die Handlings- und Automatisierungssysteme von SIDEPALSA zeichnen sich durch hohe Langlebigkeit, Qualit\u00e4t und Zuverl\u00e4ssigkeit aus.[\/vc_column_text][\/vc_column_inner][\/vc_row_inner][\/vc_column][\/vc_row]<\/p>\n<\/div>","protected":false},"excerpt":{"rendered":"[vc_row overlay_dotted=&#8220;&#8220;][vc_column][vc_empty_space height=&#8220;50px&#8220;][\/vc_column][\/vc_row][vc_row][vc_column width=&#8220;1\/4&#8243;][vc_column_text] Produkte [\/vc_column_text][vc_wp_custommenu nav_menu=&#8220;55&#8243;][\/vc_column][vc_column width=&#8220;3\/4&#8243;][vc_column_text] Von Standard-Systemen bis hin zu den anspruchsvollsten Anwendungen. Die machb\u00e4re M\u00f6glichkeiten und Varianten sind endlos. Unsere innovative und evolution\u00e4re Berufung macht unsere Anstrengungen zur Entwicklung spezieller Anwendungen. [\/vc_column_text][vc_empty_space height=&#8220;15px&#8220;][vc_row_inner][vc_column_inner width=&#8220;1\/2&#8243;][vc_single_image image=&#8220;2007&#8243; img_size=&#8220;full&#8220; css=&#8220;.vc_custom_1493289109674{margin-top: 0px !important;margin-right: 0px !important;margin-bottom: 5px !important;margin-left: 0px !important;padding-top: 0px !important;padding-right: 0px !important;padding-bottom: 0px !important;padding-left:[&#8230;]","protected":false},"author":8,"featured_media":0,"parent":0,"menu_order":0,"comment_status":"closed","ping_status":"closed","template":"","meta":{"footnotes":""},"class_list":["post-2743","page","type-page","status-publish","hentry"],"yoast_head":"<!-- This site is optimized with the Yoast SEO plugin v27.4 - https:\/\/yoast.com\/product\/yoast-seo-wordpress\/ -->\n<title>Produkte - Sidepalsa<\/title>\n<meta name=\"robots\" content=\"index, follow, max-snippet:-1, max-image-preview:large, max-video-preview:-1\" \/>\n<link rel=\"canonical\" href=\"https:\/\/sidepalsa.com\/de\/produkte\/\" \/>\n<meta property=\"og:locale\" content=\"de_DE\" \/>\n<meta property=\"og:type\" content=\"article\" \/>\n<meta property=\"og:title\" content=\"Produkte - Sidepalsa\" \/>\n<meta property=\"og:description\" content=\"[vc_row overlay_dotted=&#8220;&#8220;][vc_column][vc_empty_space height=&#8220;50px&#8220;][\/vc_column][\/vc_row][vc_row][vc_column width=&#8220;1\/4&#8243;][vc_column_text] Produkte [\/vc_column_text][vc_wp_custommenu nav_menu=&#8220;55&#8243;][\/vc_column][vc_column width=&#8220;3\/4&#8243;][vc_column_text] Von Standard-Systemen bis hin zu den anspruchsvollsten Anwendungen. Die machb\u00e4re M\u00f6glichkeiten und Varianten sind endlos. Unsere innovative und evolution\u00e4re Berufung macht unsere Anstrengungen zur Entwicklung spezieller Anwendungen. [\/vc_column_text][vc_empty_space height=&#8220;15px&#8220;][vc_row_inner][vc_column_inner width=&#8220;1\/2&#8243;][vc_single_image image=&#8220;2007&#8243; img_size=&#8220;full&#8220; css=&#8220;.vc_custom_1493289109674{margin-top: 0px !important;margin-right: 0px !important;margin-bottom: 5px !important;margin-left: 0px !important;padding-top: 0px !important;padding-right: 0px !important;padding-bottom: 0px !important;padding-left:[...]\" \/>\n<meta property=\"og:url\" content=\"https:\/\/sidepalsa.com\/de\/produkte\/\" \/>\n<meta property=\"og:site_name\" content=\"Sidepalsa\" \/>\n<meta property=\"article:modified_time\" content=\"2017-04-28T10:29:43+00:00\" \/>\n<meta name=\"twitter:card\" content=\"summary_large_image\" \/>\n<meta name=\"twitter:label1\" content=\"Gesch\u00e4tzte Lesezeit\" \/>\n\t<meta name=\"twitter:data1\" content=\"1\u00a0Minute\" \/>\n<script type=\"application\/ld+json\" class=\"yoast-schema-graph\">{\"@context\":\"https:\\\/\\\/schema.org\",\"@graph\":[{\"@type\":\"WebPage\",\"@id\":\"https:\\\/\\\/sidepalsa.com\\\/de\\\/produkte\\\/\",\"url\":\"https:\\\/\\\/sidepalsa.com\\\/de\\\/produkte\\\/\",\"name\":\"Produkte - Sidepalsa\",\"isPartOf\":{\"@id\":\"https:\\\/\\\/sidepalsa.com\\\/#website\"},\"datePublished\":\"2017-04-27T10:39:22+00:00\",\"dateModified\":\"2017-04-28T10:29:43+00:00\",\"breadcrumb\":{\"@id\":\"https:\\\/\\\/sidepalsa.com\\\/de\\\/produkte\\\/#breadcrumb\"},\"inLanguage\":\"de\",\"potentialAction\":[{\"@type\":\"ReadAction\",\"target\":[\"https:\\\/\\\/sidepalsa.com\\\/de\\\/produkte\\\/\"]}]},{\"@type\":\"BreadcrumbList\",\"@id\":\"https:\\\/\\\/sidepalsa.com\\\/de\\\/produkte\\\/#breadcrumb\",\"itemListElement\":[{\"@type\":\"ListItem\",\"position\":1,\"name\":\"Portada\",\"item\":\"https:\\\/\\\/sidepalsa.com\\\/de\\\/\"},{\"@type\":\"ListItem\",\"position\":2,\"name\":\"Produkte\"}]},{\"@type\":\"WebSite\",\"@id\":\"https:\\\/\\\/sidepalsa.com\\\/#website\",\"url\":\"https:\\\/\\\/sidepalsa.com\\\/\",\"name\":\"Sidepalsa\",\"description\":\"A. INGENIER\u00cdA DE AUTOMATISMOS\",\"publisher\":{\"@id\":\"https:\\\/\\\/sidepalsa.com\\\/#organization\"},\"potentialAction\":[{\"@type\":\"SearchAction\",\"target\":{\"@type\":\"EntryPoint\",\"urlTemplate\":\"https:\\\/\\\/sidepalsa.com\\\/?s={search_term_string}\"},\"query-input\":{\"@type\":\"PropertyValueSpecification\",\"valueRequired\":true,\"valueName\":\"search_term_string\"}}],\"inLanguage\":\"de\"},{\"@type\":\"Organization\",\"@id\":\"https:\\\/\\\/sidepalsa.com\\\/#organization\",\"name\":\"Sidepalsa\",\"url\":\"https:\\\/\\\/sidepalsa.com\\\/\",\"logo\":{\"@type\":\"ImageObject\",\"inLanguage\":\"de\",\"@id\":\"https:\\\/\\\/sidepalsa.com\\\/#\\\/schema\\\/logo\\\/image\\\/\",\"url\":\"https:\\\/\\\/www.sidepalsa.com\\\/wp-content\\\/uploads\\\/2017\\\/02\\\/logo_sidepalsa-1.png\",\"contentUrl\":\"https:\\\/\\\/www.sidepalsa.com\\\/wp-content\\\/uploads\\\/2017\\\/02\\\/logo_sidepalsa-1.png\",\"width\":226,\"height\":101,\"caption\":\"Sidepalsa\"},\"image\":{\"@id\":\"https:\\\/\\\/sidepalsa.com\\\/#\\\/schema\\\/logo\\\/image\\\/\"}}]}<\/script>\n<!-- \/ Yoast SEO plugin. -->","yoast_head_json":{"title":"Produkte - Sidepalsa","robots":{"index":"index","follow":"follow","max-snippet":"max-snippet:-1","max-image-preview":"max-image-preview:large","max-video-preview":"max-video-preview:-1"},"canonical":"https:\/\/sidepalsa.com\/de\/produkte\/","og_locale":"de_DE","og_type":"article","og_title":"Produkte - Sidepalsa","og_description":"[vc_row overlay_dotted=&#8220;&#8220;][vc_column][vc_empty_space height=&#8220;50px&#8220;][\/vc_column][\/vc_row][vc_row][vc_column width=&#8220;1\/4&#8243;][vc_column_text] Produkte [\/vc_column_text][vc_wp_custommenu nav_menu=&#8220;55&#8243;][\/vc_column][vc_column width=&#8220;3\/4&#8243;][vc_column_text] Von Standard-Systemen bis hin zu den anspruchsvollsten Anwendungen. Die machb\u00e4re M\u00f6glichkeiten und Varianten sind endlos. Unsere innovative und evolution\u00e4re Berufung macht unsere Anstrengungen zur Entwicklung spezieller Anwendungen. [\/vc_column_text][vc_empty_space height=&#8220;15px&#8220;][vc_row_inner][vc_column_inner width=&#8220;1\/2&#8243;][vc_single_image image=&#8220;2007&#8243; img_size=&#8220;full&#8220; css=&#8220;.vc_custom_1493289109674{margin-top: 0px !important;margin-right: 0px !important;margin-bottom: 5px !important;margin-left: 0px !important;padding-top: 0px !important;padding-right: 0px !important;padding-bottom: 0px !important;padding-left:[...]","og_url":"https:\/\/sidepalsa.com\/de\/produkte\/","og_site_name":"Sidepalsa","article_modified_time":"2017-04-28T10:29:43+00:00","twitter_card":"summary_large_image","twitter_misc":{"Gesch\u00e4tzte Lesezeit":"1\u00a0Minute"},"schema":{"@context":"https:\/\/schema.org","@graph":[{"@type":"WebPage","@id":"https:\/\/sidepalsa.com\/de\/produkte\/","url":"https:\/\/sidepalsa.com\/de\/produkte\/","name":"Produkte - Sidepalsa","isPartOf":{"@id":"https:\/\/sidepalsa.com\/#website"},"datePublished":"2017-04-27T10:39:22+00:00","dateModified":"2017-04-28T10:29:43+00:00","breadcrumb":{"@id":"https:\/\/sidepalsa.com\/de\/produkte\/#breadcrumb"},"inLanguage":"de","potentialAction":[{"@type":"ReadAction","target":["https:\/\/sidepalsa.com\/de\/produkte\/"]}]},{"@type":"BreadcrumbList","@id":"https:\/\/sidepalsa.com\/de\/produkte\/#breadcrumb","itemListElement":[{"@type":"ListItem","position":1,"name":"Portada","item":"https:\/\/sidepalsa.com\/de\/"},{"@type":"ListItem","position":2,"name":"Produkte"}]},{"@type":"WebSite","@id":"https:\/\/sidepalsa.com\/#website","url":"https:\/\/sidepalsa.com\/","name":"Sidepalsa","description":"A. INGENIER\u00cdA DE AUTOMATISMOS","publisher":{"@id":"https:\/\/sidepalsa.com\/#organization"},"potentialAction":[{"@type":"SearchAction","target":{"@type":"EntryPoint","urlTemplate":"https:\/\/sidepalsa.com\/?s={search_term_string}"},"query-input":{"@type":"PropertyValueSpecification","valueRequired":true,"valueName":"search_term_string"}}],"inLanguage":"de"},{"@type":"Organization","@id":"https:\/\/sidepalsa.com\/#organization","name":"Sidepalsa","url":"https:\/\/sidepalsa.com\/","logo":{"@type":"ImageObject","inLanguage":"de","@id":"https:\/\/sidepalsa.com\/#\/schema\/logo\/image\/","url":"https:\/\/www.sidepalsa.com\/wp-content\/uploads\/2017\/02\/logo_sidepalsa-1.png","contentUrl":"https:\/\/www.sidepalsa.com\/wp-content\/uploads\/2017\/02\/logo_sidepalsa-1.png","width":226,"height":101,"caption":"Sidepalsa"},"image":{"@id":"https:\/\/sidepalsa.com\/#\/schema\/logo\/image\/"}}]}},"_links":{"self":[{"href":"https:\/\/sidepalsa.com\/de\/wp-json\/wp\/v2\/pages\/2743","targetHints":{"allow":["GET"]}}],"collection":[{"href":"https:\/\/sidepalsa.com\/de\/wp-json\/wp\/v2\/pages"}],"about":[{"href":"https:\/\/sidepalsa.com\/de\/wp-json\/wp\/v2\/types\/page"}],"author":[{"embeddable":true,"href":"https:\/\/sidepalsa.com\/de\/wp-json\/wp\/v2\/users\/8"}],"replies":[{"embeddable":true,"href":"https:\/\/sidepalsa.com\/de\/wp-json\/wp\/v2\/comments?post=2743"}],"version-history":[{"count":0,"href":"https:\/\/sidepalsa.com\/de\/wp-json\/wp\/v2\/pages\/2743\/revisions"}],"wp:attachment":[{"href":"https:\/\/sidepalsa.com\/de\/wp-json\/wp\/v2\/media?parent=2743"}],"curies":[{"name":"wp","href":"https:\/\/api.w.org\/{rel}","templated":true}]}}