{"id":2242,"date":"2017-03-28T09:23:41","date_gmt":"2017-03-28T09:23:41","guid":{"rendered":"http:\/\/www.sidepalsa.com\/?page_id=2242\/"},"modified":"2017-03-29T12:03:44","modified_gmt":"2017-03-29T12:03:44","slug":"aviso-legal","status":"publish","type":"page","link":"https:\/\/sidepalsa.com\/de\/aviso-legal\/","title":{"rendered":"Rechtlicher Hinweis"},"content":{"rendered":"<div class=\"wpb-content-wrapper\"><p>[vc_row][vc_column][vc_empty_space height=&#8220;50px&#8220;][\/vc_column][\/vc_row][vc_row][vc_column width=&#8220;1\/4&#8243;][vc_column_text]<\/p>\n<h1 class=\"rayi\">Rechtlicher Hinweis<\/h1>\n<p>[\/vc_column_text][\/vc_column][vc_column width=&#8220;3\/4&#8243;][vc_column_text]<\/p>\n<h3>1. Identit\u00e4t des Inhabers der Webseite<\/h3>\n<p>In \u00dcbereinstimmung mit dem Gesetz 34\/2002 vom 11. Juli \u00fcber Dienstleistungen der Informationsgesellschaft und des elektronischen Handels, informieren wir Sie dar\u00fcber, dass der Inhaber der Webseite<br \/>\nwww.sidepalsa.com wie folgt ist:<br \/>\n<strong>Firmenname:<\/strong><br \/>\nA. Automatisierungstechnik<br \/>\n<strong>Steuernr.:<\/strong> A-95606471<br \/>\n<strong>Adresse:<\/strong><br \/>\nBarrio Ortuzar, s\/n<br \/>\n48213 IZURTZA Bizkaia, Spanien<br \/>\n<strong>Telefon:<\/strong> +34 946 817 250<br \/>\n<strong>Fax:<\/strong> +34 946 816 893<br \/>\n<strong>E-Mail:<\/strong> <a href=\"mailto:a.ingenieria@sidepalsa.com\">a.ingenieria@sidepalsa.com<\/a><\/p>\n<h3>2. Allgemeine Nutzungsbedingungen f\u00fcr diese Website<\/h3>\n<p>Der Zugriff auf diese Seite verleiht Ihnen den Status des \u201cBenutzers\u201d, was wiederum bedeutet, dass Sie den auf www.sidepalsa.com ver\u00f6ffenlichten allgemeinen Bedingungen im Moment des Zugriffs auf die Webseite ausdr\u00fccklich und ohne Vorbehalte zustimmen. Daher muss der Benutzer die vorliegenden allgemeinen Nutzungsbedigungen lesen, und zwar vor jedem Zugriff und vor der eventuellen Nutzung der Dienstaleistungen auf der Seite, da sich die Nutzungsbedingungen ge\u00e4ndert haben k\u00f6nntenya que \u00e9stas pueden sufrir modificaciones.<br \/>\nAls \u201cBenutzer\u201d gilt also jede Person, die auf die Seite www.sidepalsa.com zugreift,, auf ihr navigiert oder aber die Dienstleistungen und Aktivit\u00e4ten, ob kostenlos oder geb\u00fchrenpflichtig, nutzt, bzw. daran teilnimmt.<\/p>\n<h4>2.1. Zweck und Anwendungsbereich<\/h4>\n<p>Die vorliegenden allgemeinen Nutzungsbedingungen regeln den Zugriff, die Navigation und die Verwendung der von www.sidepalsa.com, sowie die aus der Nutzung ihrer Inhalte entstehenden Verantwortlichkeiten. Diese Inhalte k\u00f6nnen sein: Texte, Grafiken, Zeichnungen, Designs, Codes, Software, Fotos, Musik, Videos, T\u00f6ne, Datenbanken, Bilder, Ausdr\u00fccke und Informationen, sowie weiterhin alle anderen Kreationen, die durch nationale Gesetze und internationale Abkommen \u00fcber geistiges und industrielles Eigentum gesch\u00fctzt sind.<br \/>\nSidepalsa kann eigene Sonderbedinungen festlegen, die f\u00fcr die Nutzung und\/oder die Inanspruchnahme von spezifischen Dienstleistungen gelten, wobei die vorliegenden allgemeinen Nutzungsbedigungen ebenfalls Anwendung finden.<\/p>\n<h4>2.2. Zugriffs- und Nutzungsbedingungen der Dienstleistungen<\/h4>\n<p>Der Zugriff auf www.sidepalsa.com ist vom Prinzip her freiwillig und kostenlos. Dessen ungeachtet m\u00fcssen zur Nutzung einiger der Dienstleistungen und Inhalte die Dienstleistungen und Produkte zun\u00e4chst beauftragt werden. In diesen F\u00e4llen gelten dann die speziellen Bedingungen, die Sidepalsa Ihnen vor Beauftragung der betreffenden Dienstleistung oder Bestellung des betreffenden Produkts zur Verf\u00fcgung stellt.<br \/>\nMinderj\u00e4hrige, die von den Dienstleistungen auf dieser Webseite Gebrauch machen wollen, m\u00fcssen zun\u00e4chst die Erlaubnis ihrer Eltern, ihres Vormunds oder ihres rechtlichen Vertreters einholen, da letztere einzig und allein f\u00fcr die Handlungen der Minderj\u00e4hrigen verantwortlich sind.<br \/>\nDer Benutzer muss stets die Dienstleistungen dieser Webseite auf ordnungsgem\u00e4\u00dfe Weise nutzen, und zwar in \u00dcbereinstimmung mit den vorliegenden allgemeinen Nutzungsbedingungen, dem geltenden Recht, der Moral und der \u00f6ffentlichen Ordnung, sowie den allgemein anerkannten Praktiken im Internet.<br \/>\nDer Benutzer gew\u00e4hrleistet, dass s\u00e4mtliche Informationen, die er in Abonnement-Formulare dieser Webseite eintr\u00e4gt zul\u00e4ssig, echt, genau, wahrheitsgem\u00e4\u00df und aktuell sind. \u00c4ndern sich die bereitgestellten Informationen, so ist der Benutzer dazu verpflichtet, dies Sidepalsa umgehend mitzuteilen.<br \/>\nDer Benutzer darf keine Viren, Programme, Makros oder andere Zeichenfolgen mit dem Zweck, die Informationssysteme dieser Webseite zu sch\u00e4digen oder zu \u00e4ndern, eingeben; weiterhin darf er den Zugriff anderer Benutzer nicht durch massiven Verbrauch von Ressourcen behindern; er darf keine der in der Webseite enthaltenen Daten zum Zweck der Ver\u00f6ffentlichung erfassen; er darf die Inhalte dieser Webseite nicht vervielf\u00e4ltigen, kopieren, verbreiten, transformieren oder Dritten zur Verfp\u00fcgung stellen; er darf mittels der auf dieser Webseite bereitgestellten Dienstleistungen keine Handlungen vornehmen, die das geistige Eigentum, industrielle Geheimnisse, vertragliche Verpflichtungen, Rechte auf Ehre, Image und pers\u00f6nliche Privatsph\u00e4re Dritter verletzen; und er darf keine Handlungen des unlauteren Wettbewerbs sowie illegaler Werbung vornehmen.<br \/>\nMuss sich der Benutzer zur Nutzung einer Dienstleistung auf www.sidepalsa.com registrieren, so ist er daf\u00fcr verantwortlich, wahrheits- und ordnungsgem\u00e4\u00dfe Informationen anzugeben. Erh\u00e4lt der Benutzer nach der Registrierung ein Passwort, so verpflichtet er sich zu einem sorgf\u00e4ltigen Umgang mit selbigem und h\u00e4lt das Passwort zum Zugriff auf diese Dienstleistungen geheim. Daraus folgend sind die Benutzer daf\u00fcr verantwortlich, jegliche ihnen zugewiesene Kennungen und\/oder Passw\u00f6rter angemessen zu verwahren und vertraulich zu behandeln und verpflichten sich, diese nicht durch Dritte nutzen zu lassen, weder vor\u00fcbergehend noch dauerhaft, und auch den Zugriff durch Fremde nicht zuzulassen. Wird das Passwort f\u00fcr unsachgem\u00e4\u00dfen Gebrauch verwendet, oder geht das Passwort verloren, so ist der Benutzer f\u00fcr jeglichen Missbrauch durch Unbefugte verantwortlich. Bei Diebstahl, Verlust oder nicht autorisiertem Zugriff auf seine Passw\u00f6rter, ist der Benutzer verpflichtet, dies Sidepalsa umgehend mitzuteilen, um die betreffenden Passw\u00f6rter zu sperren. Sidepalsa ist in keinem Fall f\u00fcr von nicht autorisierten Dritten begangene Handlungen verantwortlich, solange die eingangs erw\u00e4hnte Mitteilung seitens des Benutzers nicht erfolgt ist.<\/p>\n<h3>3. Geistige und industrielle Eigentumsrechte<\/h3>\n<p>Sidepalsa ist Inhaber aller geistigen und industriellen Eigentumsrechte s\u00e4mtlicher Elemente auf der Webseite www.sidepalsa.com, einschlie\u00dflich der Marke, dem Handelsnamen und dem Logo. Insbesondere jedoch nicht eingeschr\u00e4nkt darauf, sind Grafikdesign, Font-Code, Logos, Texte, Grafiken, Illustrationen, Fotos, T\u00f6ne und andere auf dieser Webseite enthaltene Elemente urheberrechtlich gesch\u00fctzt.<br \/>\nDer Zugriff und das Navigieren auf der Webseite www.sidepalsa.com zur pers\u00f6nlichen Verwendung durch den Benutzer bedeutet in keinem Fall einen Verzicht, eine \u00dcbertragung, bzw. eine vollst\u00e4ndige oder teilweise Lizenzierung seitens Sidepalsa der geistigen und industriellen Eigentumsrechte.<br \/>\nDer Benutzer erkennt daher an, dass die Vervielf\u00e4ltigung, das Kopieren, das Verbreiten, die Vermarktung, die Transformierung, die Wiederverwendung, die \u00f6ffentliche Mitteilung und ganz allgemein jegliche andere Nutzung mittels eines beliebigen Vorgangs des gesamten oder eines Teils der Inhalte auf www.sidepalsa.com ohne ausdr\u00fcckliche und schriftliche Autorisierung durch Sidepalsa eine Verletzung ihrer geistigen und industriellen Eigentumsrechte darstellt.<br \/>\nS\u00e4mtliche nicht personenbezogene Daten, die freiwillig auf der Webseite www.sidepalsa.com \u00fcber das Internet eingegeben wurden (einschlie\u00dflich jeglicher Anmerkungen, Vorschl\u00e4ge, Ideen, Grafiken, etc.) gelten als exklusives Eigentum von Sidepalsa und verleihen ihr uneingeschr\u00e4nkte Nutzungsrechte derselben, ohne dass jedoch dadurch ein Anspruch auf Entsch\u00e4digung, weder f\u00fcr sie noch eine andere Person, entsteht.<\/p>\n<h3>4. Regelung der Verantwortlichkeiten und Gew\u00e4hrleistungen<\/h3>\n<p>Sidepalsa \u00fcbernimmt keinerlei Verantwortung f\u00fcr die Rechtm\u00e4\u00dfigkeit, Zuverl\u00e4ssigkeit, Nutzbarkeit, Richtigkeit oder Genauigkeit der auf www.sidepalsa.com bereitgestellten Dienstleistungen und Informationen, und schlie\u00dft damit jegliche direkte oder indirekte Verantwortung f\u00fcr Sch\u00e4den und Beeintr\u00e4chtigungen jeglicher Art aufgrund der Nicht-Nutzbarkeit oder den Erwartungen des Benutzers an die Dienstleistungen und Informationen, aus.<br \/>\nSidepalsa erkl\u00e4rt, sowohl die technischen als auch die organisatorischen Ma\u00dfnahmen ergriffen zu haben, um innerhalb ihrer M\u00f6glichkeiten und dem Stand der Technik die korrekte Funktion der Webseite sowie das Nichtvorhandensein von Viren und anderen sch\u00e4dlichen Elementen zu erm\u00f6glichen, kann jedoch f\u00fcr folgendes keine Verantwortung \u00fcbernehmen: (a) den Fortbestand und die Verf\u00fcgbarkeit der Inhalte und Dienstleistungen auf www.sidepalsa.com; (b) das Nichtvorhandensein von Fehlern in den genannten Inhalten und die Korrektur jeglicher M\u00e4ngel, die entstehen k\u00f6nnen; (c) das Nichtvorhandensein von Viren und\/oder anderen sch\u00e4ndlichen Elementen auf www.sidepalsa.com; (d) die Un\u00fcberwindbarkeit der ergriffenen Sicherheitsma\u00dfnahmen; (e) die Sch\u00e4den oder Beeintr\u00e4chtigungen durch Personen, welche die Sicherheitssysteme auf www.sidepalsa.com besch\u00e4digen.<br \/>\nVor Dritten ist der Benutzer allein verantwortlich f\u00fcr jegliche pers\u00f6nlich oder in seinem Namen an www.sidepalsa.com gesendete Kommunikation, sowie f\u00fcr den eventuellen Missbrauch von Inhalten und Dienstleistungen auf dieser Webseite.<br \/>\nSidepalsa beh\u00e4lt sich das Recht vor, den Zugriff auf www.sidepalsa.com zu Wartungs-, Reparatur-, Aktualisierungs- oder Verbesserungszwecken vor\u00fcbergehend und ohne vorherige Ank\u00fcndigung zu sperren. Wann immer dies die Umst\u00e4nde erm\u00f6glichen, ver\u00f6ffentlicht Sidepalsa im Voraus auf seiner Webseite einen Hinweis auf diese Aussetzung der Dienstleistung unter Angabe des voraussichtlichen Datums.<br \/>\nDurch eventuell auf www.sidepalsa.com vorhandene Links zu anderen Seiten k\u00f6nnen Sie zu Webseiten gelangen, f\u00fcr die Sidepalsa keinerlei Verantwortung \u00fcbermimmt, da sie keine Kontrolle dar\u00fcber hat, denn diese Links werden von ihr lediglich deswegen bereitgestellt, damit der Benutzer sich \u00fcber andere Informationsquellen informieren kann. Daher liegt es in der ausschlie\u00dflichen Verantwortung des Benutzers, auf den Inhalt dieser Seiten zu den jeweiligen Nutzungsbedingungen zuzugreifen.<br \/>\nSidepalsa ist nicht verantwortlich f\u00fcr die Nutzung der Benutzer der Inhalte und Dienstleistungen auf ihrer Webseite. Daraus folgend wird ebenso keinerlei Gew\u00e4hrleistung daf\u00fcr \u00fcbernommen, dass die Benutzer die Inhalte und Dienstleistungen gem\u00e4\u00df der vorliegenden allgemeinen Nutzungsbedingungen verwenden und dies auf eine sorgf\u00e4ltige Art und Weise tun.<\/p>\n<h3>5. Dauer und \u00c4nderung<\/h3>\n<p>Sidepalsa beh\u00e4lt sich das Recht vor, die vorliegenden allgemeinen Zugriffsbedingungen vollst\u00e4ndig oder teilweise zu \u00e4ndern, wobei diese \u00c4nderungen auf www.sidepalsa.com ver\u00f6ffentlicht werden. Ebenso kann sie \u00c4nderungen an der Webseite vornehmen, sei es durch \u00e4ndern, streichen oder hinzuf\u00fcgen von Inhalten und bereitgestellten Dienstleistungen, oder durch die Art der Darstellung und Anordnung derselben auf der Webseite. Als g\u00fcltig gelten daher jene allgemeinen Bedingungen, die zum Zeitpunkt des Zugriffs durch den Benutzer auf www.sidepalsa.com g\u00fcltig sind. Aus diesem Grund muss der Benutzer die genannten Nutzungsbedingungen in regelm\u00e4\u00dfigen Abst\u00e4nden lesen.<br \/>\nUnabh\u00e4ngig von den speziellen Bedingungen kann Sidepalsa zu jeder Zeit und ohne, dass dies einer vorherigen Ank\u00fcndigung bedarf, den Zugriff auf die Inhalte der Webseite beenden, sperren oder aussetzen, ohne dass der Benutzer hierf\u00fcr eine Etnsch\u00e4digung verlangen kann.<\/p>\n<h3>6. Anwendbares Recht und Gerichtsstand<\/h3>\n<p>Die Beziehungen zwischen Sidepalsa und dem Benutzer unterliegen den Bestimmungen der g\u00fcltigen Vorschriften \u00fcber anwendbares Recht und zust\u00e4ndiger Gerichtsbarkeit. In F\u00e4llen, in denen die Vorschrift die M\u00f6glichkeit vorsieht, dass sich die Parteien einem Gerichtsstand unterwerfen, unterwerfen sich Sidepalsa und der Benutzer unter ausdr\u00fccklichem Verzicht auf andere f\u00fcr sie zust\u00e4ndige Gerichtsst\u00e4nde den Richtern und Gerichtsst\u00e4nden der Stadt Bilbao.[\/vc_column_text][vc_empty_space height=&#8220;15px&#8220;][\/vc_column][\/vc_row]<\/p>\n<\/div>","protected":false},"excerpt":{"rendered":"[vc_row][vc_column][vc_empty_space height=&#8220;50px&#8220;][\/vc_column][\/vc_row][vc_row][vc_column width=&#8220;1\/4&#8243;][vc_column_text] Rechtlicher Hinweis [\/vc_column_text][\/vc_column][vc_column width=&#8220;3\/4&#8243;][vc_column_text] 1. Identit\u00e4t des Inhabers der Webseite In \u00dcbereinstimmung mit dem Gesetz 34\/2002 vom 11. Juli \u00fcber Dienstleistungen der Informationsgesellschaft und des elektronischen Handels, informieren wir Sie dar\u00fcber, dass der Inhaber der Webseite www.sidepalsa.com wie folgt ist: Firmenname: A. Automatisierungstechnik Steuernr.: A-95606471 Adresse: Barrio Ortuzar, s\/n 48213 IZURTZA Bizkaia,[&#8230;]","protected":false},"author":8,"featured_media":0,"parent":0,"menu_order":0,"comment_status":"closed","ping_status":"closed","template":"","meta":{"footnotes":""},"class_list":["post-2242","page","type-page","status-publish","hentry"],"yoast_head":"<!-- This site is optimized with the Yoast SEO plugin v27.4 - https:\/\/yoast.com\/product\/yoast-seo-wordpress\/ -->\n<title>Rechtlicher Hinweis - Sidepalsa<\/title>\n<meta name=\"robots\" content=\"index, follow, max-snippet:-1, max-image-preview:large, max-video-preview:-1\" \/>\n<link rel=\"canonical\" href=\"https:\/\/sidepalsa.com\/de\/aviso-legal\/\" \/>\n<meta property=\"og:locale\" content=\"de_DE\" \/>\n<meta property=\"og:type\" content=\"article\" \/>\n<meta property=\"og:title\" content=\"Rechtlicher Hinweis - Sidepalsa\" \/>\n<meta property=\"og:description\" content=\"[vc_row][vc_column][vc_empty_space height=&#8220;50px&#8220;][\/vc_column][\/vc_row][vc_row][vc_column width=&#8220;1\/4&#8243;][vc_column_text] Rechtlicher Hinweis [\/vc_column_text][\/vc_column][vc_column width=&#8220;3\/4&#8243;][vc_column_text] 1. Identit\u00e4t des Inhabers der Webseite In \u00dcbereinstimmung mit dem Gesetz 34\/2002 vom 11. Juli \u00fcber Dienstleistungen der Informationsgesellschaft und des elektronischen Handels, informieren wir Sie dar\u00fcber, dass der Inhaber der Webseite www.sidepalsa.com wie folgt ist: Firmenname: A. Automatisierungstechnik Steuernr.: A-95606471 Adresse: Barrio Ortuzar, s\/n 48213 IZURTZA Bizkaia,[...]\" \/>\n<meta property=\"og:url\" content=\"https:\/\/sidepalsa.com\/de\/aviso-legal\/\" \/>\n<meta property=\"og:site_name\" content=\"Sidepalsa\" \/>\n<meta property=\"article:modified_time\" content=\"2017-03-29T12:03:44+00:00\" \/>\n<meta name=\"twitter:card\" content=\"summary_large_image\" \/>\n<meta name=\"twitter:label1\" content=\"Gesch\u00e4tzte Lesezeit\" \/>\n\t<meta name=\"twitter:data1\" content=\"8\u00a0Minuten\" \/>\n<script type=\"application\/ld+json\" class=\"yoast-schema-graph\">{\"@context\":\"https:\\\/\\\/schema.org\",\"@graph\":[{\"@type\":\"WebPage\",\"@id\":\"https:\\\/\\\/sidepalsa.com\\\/de\\\/aviso-legal\\\/\",\"url\":\"https:\\\/\\\/sidepalsa.com\\\/de\\\/aviso-legal\\\/\",\"name\":\"Rechtlicher Hinweis - Sidepalsa\",\"isPartOf\":{\"@id\":\"https:\\\/\\\/sidepalsa.com\\\/#website\"},\"datePublished\":\"2017-03-28T09:23:41+00:00\",\"dateModified\":\"2017-03-29T12:03:44+00:00\",\"breadcrumb\":{\"@id\":\"https:\\\/\\\/sidepalsa.com\\\/de\\\/aviso-legal\\\/#breadcrumb\"},\"inLanguage\":\"de\",\"potentialAction\":[{\"@type\":\"ReadAction\",\"target\":[\"https:\\\/\\\/sidepalsa.com\\\/de\\\/aviso-legal\\\/\"]}]},{\"@type\":\"BreadcrumbList\",\"@id\":\"https:\\\/\\\/sidepalsa.com\\\/de\\\/aviso-legal\\\/#breadcrumb\",\"itemListElement\":[{\"@type\":\"ListItem\",\"position\":1,\"name\":\"Portada\",\"item\":\"https:\\\/\\\/sidepalsa.com\\\/de\\\/\"},{\"@type\":\"ListItem\",\"position\":2,\"name\":\"Rechtlicher Hinweis\"}]},{\"@type\":\"WebSite\",\"@id\":\"https:\\\/\\\/sidepalsa.com\\\/#website\",\"url\":\"https:\\\/\\\/sidepalsa.com\\\/\",\"name\":\"Sidepalsa\",\"description\":\"A. INGENIER\u00cdA DE AUTOMATISMOS\",\"publisher\":{\"@id\":\"https:\\\/\\\/sidepalsa.com\\\/#organization\"},\"potentialAction\":[{\"@type\":\"SearchAction\",\"target\":{\"@type\":\"EntryPoint\",\"urlTemplate\":\"https:\\\/\\\/sidepalsa.com\\\/?s={search_term_string}\"},\"query-input\":{\"@type\":\"PropertyValueSpecification\",\"valueRequired\":true,\"valueName\":\"search_term_string\"}}],\"inLanguage\":\"de\"},{\"@type\":\"Organization\",\"@id\":\"https:\\\/\\\/sidepalsa.com\\\/#organization\",\"name\":\"Sidepalsa\",\"url\":\"https:\\\/\\\/sidepalsa.com\\\/\",\"logo\":{\"@type\":\"ImageObject\",\"inLanguage\":\"de\",\"@id\":\"https:\\\/\\\/sidepalsa.com\\\/#\\\/schema\\\/logo\\\/image\\\/\",\"url\":\"https:\\\/\\\/www.sidepalsa.com\\\/wp-content\\\/uploads\\\/2017\\\/02\\\/logo_sidepalsa-1.png\",\"contentUrl\":\"https:\\\/\\\/www.sidepalsa.com\\\/wp-content\\\/uploads\\\/2017\\\/02\\\/logo_sidepalsa-1.png\",\"width\":226,\"height\":101,\"caption\":\"Sidepalsa\"},\"image\":{\"@id\":\"https:\\\/\\\/sidepalsa.com\\\/#\\\/schema\\\/logo\\\/image\\\/\"}}]}<\/script>\n<!-- \/ Yoast SEO plugin. -->","yoast_head_json":{"title":"Rechtlicher Hinweis - Sidepalsa","robots":{"index":"index","follow":"follow","max-snippet":"max-snippet:-1","max-image-preview":"max-image-preview:large","max-video-preview":"max-video-preview:-1"},"canonical":"https:\/\/sidepalsa.com\/de\/aviso-legal\/","og_locale":"de_DE","og_type":"article","og_title":"Rechtlicher Hinweis - Sidepalsa","og_description":"[vc_row][vc_column][vc_empty_space height=&#8220;50px&#8220;][\/vc_column][\/vc_row][vc_row][vc_column width=&#8220;1\/4&#8243;][vc_column_text] Rechtlicher Hinweis [\/vc_column_text][\/vc_column][vc_column width=&#8220;3\/4&#8243;][vc_column_text] 1. Identit\u00e4t des Inhabers der Webseite In \u00dcbereinstimmung mit dem Gesetz 34\/2002 vom 11. Juli \u00fcber Dienstleistungen der Informationsgesellschaft und des elektronischen Handels, informieren wir Sie dar\u00fcber, dass der Inhaber der Webseite www.sidepalsa.com wie folgt ist: Firmenname: A. Automatisierungstechnik Steuernr.: A-95606471 Adresse: Barrio Ortuzar, s\/n 48213 IZURTZA Bizkaia,[...]","og_url":"https:\/\/sidepalsa.com\/de\/aviso-legal\/","og_site_name":"Sidepalsa","article_modified_time":"2017-03-29T12:03:44+00:00","twitter_card":"summary_large_image","twitter_misc":{"Gesch\u00e4tzte Lesezeit":"8\u00a0Minuten"},"schema":{"@context":"https:\/\/schema.org","@graph":[{"@type":"WebPage","@id":"https:\/\/sidepalsa.com\/de\/aviso-legal\/","url":"https:\/\/sidepalsa.com\/de\/aviso-legal\/","name":"Rechtlicher Hinweis - Sidepalsa","isPartOf":{"@id":"https:\/\/sidepalsa.com\/#website"},"datePublished":"2017-03-28T09:23:41+00:00","dateModified":"2017-03-29T12:03:44+00:00","breadcrumb":{"@id":"https:\/\/sidepalsa.com\/de\/aviso-legal\/#breadcrumb"},"inLanguage":"de","potentialAction":[{"@type":"ReadAction","target":["https:\/\/sidepalsa.com\/de\/aviso-legal\/"]}]},{"@type":"BreadcrumbList","@id":"https:\/\/sidepalsa.com\/de\/aviso-legal\/#breadcrumb","itemListElement":[{"@type":"ListItem","position":1,"name":"Portada","item":"https:\/\/sidepalsa.com\/de\/"},{"@type":"ListItem","position":2,"name":"Rechtlicher Hinweis"}]},{"@type":"WebSite","@id":"https:\/\/sidepalsa.com\/#website","url":"https:\/\/sidepalsa.com\/","name":"Sidepalsa","description":"A. INGENIER\u00cdA DE AUTOMATISMOS","publisher":{"@id":"https:\/\/sidepalsa.com\/#organization"},"potentialAction":[{"@type":"SearchAction","target":{"@type":"EntryPoint","urlTemplate":"https:\/\/sidepalsa.com\/?s={search_term_string}"},"query-input":{"@type":"PropertyValueSpecification","valueRequired":true,"valueName":"search_term_string"}}],"inLanguage":"de"},{"@type":"Organization","@id":"https:\/\/sidepalsa.com\/#organization","name":"Sidepalsa","url":"https:\/\/sidepalsa.com\/","logo":{"@type":"ImageObject","inLanguage":"de","@id":"https:\/\/sidepalsa.com\/#\/schema\/logo\/image\/","url":"https:\/\/www.sidepalsa.com\/wp-content\/uploads\/2017\/02\/logo_sidepalsa-1.png","contentUrl":"https:\/\/www.sidepalsa.com\/wp-content\/uploads\/2017\/02\/logo_sidepalsa-1.png","width":226,"height":101,"caption":"Sidepalsa"},"image":{"@id":"https:\/\/sidepalsa.com\/#\/schema\/logo\/image\/"}}]}},"_links":{"self":[{"href":"https:\/\/sidepalsa.com\/de\/wp-json\/wp\/v2\/pages\/2242","targetHints":{"allow":["GET"]}}],"collection":[{"href":"https:\/\/sidepalsa.com\/de\/wp-json\/wp\/v2\/pages"}],"about":[{"href":"https:\/\/sidepalsa.com\/de\/wp-json\/wp\/v2\/types\/page"}],"author":[{"embeddable":true,"href":"https:\/\/sidepalsa.com\/de\/wp-json\/wp\/v2\/users\/8"}],"replies":[{"embeddable":true,"href":"https:\/\/sidepalsa.com\/de\/wp-json\/wp\/v2\/comments?post=2242"}],"version-history":[{"count":0,"href":"https:\/\/sidepalsa.com\/de\/wp-json\/wp\/v2\/pages\/2242\/revisions"}],"wp:attachment":[{"href":"https:\/\/sidepalsa.com\/de\/wp-json\/wp\/v2\/media?parent=2242"}],"curies":[{"name":"wp","href":"https:\/\/api.w.org\/{rel}","templated":true}]}}